{"id":34079,"date":"2024-08-19T12:54:00","date_gmt":"2024-08-19T12:54:00","guid":{"rendered":"https:\/\/www.oceanautic.es\/producto\/jetcar-lambo-malaga\/"},"modified":"2024-08-19T12:54:00","modified_gmt":"2024-08-19T12:54:00","slug":"jetcar-lambo-malaga","status":"publish","type":"product","link":"https:\/\/www.oceanautic.es\/en\/producto\/jetcar-lambo-malaga\/","title":{"rendered":"JetCar Lambo M\u00e1laga"},"content":{"rendered":"<p>With Oceanautic you can rent your <strong>jetcar<\/strong> at Puerto Benalm\u00e1dena (M\u00e1laga). We have a brand new Lamborghini jetcar with a <strong>130hp engine.<\/strong> Enjoy a unique and exclusive experience at sea. With capacity for <strong>two people<\/strong>, this boat is a perfect option for a coastal ride with friends and\/or family. <strong>Requires BASIC BOAT LICENCE or Navigation Licence.<\/strong>  <\/p>\n<p>Includes:<br \/>\n&#8211; Bluetooth radio with exterior speakers<br \/>\n&#8211; All safety equipment.<\/p>\n<ul>\n<li><strong>30 minutes \u20ac200 \/ 1 hour \u20ac350 \/ 1 hour and a half \u20ac500 \/ 2 hours \u20ac700 <\/strong><\/li>\n<li>Book your outing in advance for only \u20ac50, pay the rest on the day of the trip.<\/li>\n<li>Fuel NOT included.<\/li>\n<li>Deposit: \u20ac1,000 (Cash)<\/li>\n<\/ul>\n<div class=\"w-gallery fit_cover wp_gallery type_grid action_popup_image ratio_1x1 count_9\" style=\"--columns:3;--items-gap:8px;\"><div class=\"w-gallery-list\"><div class=\"w-gallery-item\"><div class=\"w-gallery-item-img\"><img loading=\"lazy\" decoding=\"async\" width=\"300\" height=\"300\" src=\"https:\/\/www.oceanautic.es\/wp-content\/uploads\/2024\/08\/IMG_7087-300x300.jpg\" class=\"attachment-shop_catalog size-shop_catalog\" alt=\"\" srcset=\"https:\/\/www.oceanautic.es\/wp-content\/uploads\/2024\/08\/IMG_7087-300x300.jpg 300w, https:\/\/www.oceanautic.es\/wp-content\/uploads\/2024\/08\/IMG_7087-1024x1024.jpg 1024w, https:\/\/www.oceanautic.es\/wp-content\/uploads\/2024\/08\/IMG_7087-150x150.jpg 150w, https:\/\/www.oceanautic.es\/wp-content\/uploads\/2024\/08\/IMG_7087-600x600.jpg 600w, https:\/\/www.oceanautic.es\/wp-content\/uploads\/2024\/08\/IMG_7087.jpg 1280w\" sizes=\"auto, (max-width: 300px) 100vw, 300px\" \/><\/div><a class=\"w-gallery-item-link\" aria-label=\"IMG_7087\" href=\"https:\/\/www.oceanautic.es\/wp-content\/uploads\/2024\/08\/IMG_7087.jpg\" title=\"IMG_7087\"><\/a><\/div><div class=\"w-gallery-item\"><div class=\"w-gallery-item-img\"><img loading=\"lazy\" decoding=\"async\" width=\"300\" height=\"300\" src=\"https:\/\/www.oceanautic.es\/wp-content\/uploads\/2024\/08\/IMG_7099-300x300.jpg\" class=\"attachment-shop_catalog size-shop_catalog\" alt=\"\" srcset=\"https:\/\/www.oceanautic.es\/wp-content\/uploads\/2024\/08\/IMG_7099-300x300.jpg 300w, https:\/\/www.oceanautic.es\/wp-content\/uploads\/2024\/08\/IMG_7099-1024x1024.jpg 1024w, https:\/\/www.oceanautic.es\/wp-content\/uploads\/2024\/08\/IMG_7099-150x150.jpg 150w, https:\/\/www.oceanautic.es\/wp-content\/uploads\/2024\/08\/IMG_7099-600x600.jpg 600w, https:\/\/www.oceanautic.es\/wp-content\/uploads\/2024\/08\/IMG_7099.jpg 1280w\" sizes=\"auto, (max-width: 300px) 100vw, 300px\" \/><\/div><a class=\"w-gallery-item-link\" aria-label=\"IMG_7099\" href=\"https:\/\/www.oceanautic.es\/wp-content\/uploads\/2024\/08\/IMG_7099.jpg\" title=\"IMG_7099\"><\/a><\/div><div class=\"w-gallery-item\"><div class=\"w-gallery-item-img\"><img loading=\"lazy\" decoding=\"async\" width=\"300\" height=\"300\" src=\"https:\/\/www.oceanautic.es\/wp-content\/uploads\/2024\/08\/IMG_7017-300x300.jpg\" class=\"attachment-shop_catalog size-shop_catalog\" alt=\"\" srcset=\"https:\/\/www.oceanautic.es\/wp-content\/uploads\/2024\/08\/IMG_7017-300x300.jpg 300w, https:\/\/www.oceanautic.es\/wp-content\/uploads\/2024\/08\/IMG_7017-150x150.jpg 150w\" sizes=\"auto, (max-width: 300px) 100vw, 300px\" \/><\/div><a class=\"w-gallery-item-link\" aria-label=\"IMG_7017\" href=\"https:\/\/www.oceanautic.es\/wp-content\/uploads\/2024\/08\/IMG_7017.jpg\" title=\"IMG_7017\"><\/a><\/div><div class=\"w-gallery-item\"><div class=\"w-gallery-item-img\"><img loading=\"lazy\" decoding=\"async\" width=\"300\" height=\"300\" src=\"https:\/\/www.oceanautic.es\/wp-content\/uploads\/2024\/08\/IMG_7082-300x300.jpg\" class=\"attachment-shop_catalog size-shop_catalog\" alt=\"\" srcset=\"https:\/\/www.oceanautic.es\/wp-content\/uploads\/2024\/08\/IMG_7082-300x300.jpg 300w, https:\/\/www.oceanautic.es\/wp-content\/uploads\/2024\/08\/IMG_7082-150x150.jpg 150w\" sizes=\"auto, (max-width: 300px) 100vw, 300px\" \/><\/div><a class=\"w-gallery-item-link\" aria-label=\"IMG_7082\" href=\"https:\/\/www.oceanautic.es\/wp-content\/uploads\/2024\/08\/IMG_7082.jpg\" title=\"IMG_7082\"><\/a><\/div><div class=\"w-gallery-item\"><div class=\"w-gallery-item-img\"><img loading=\"lazy\" decoding=\"async\" width=\"300\" height=\"300\" src=\"https:\/\/www.oceanautic.es\/wp-content\/uploads\/2024\/08\/IMG_7095-300x300.jpg\" class=\"attachment-shop_catalog size-shop_catalog\" alt=\"\" srcset=\"https:\/\/www.oceanautic.es\/wp-content\/uploads\/2024\/08\/IMG_7095-300x300.jpg 300w, https:\/\/www.oceanautic.es\/wp-content\/uploads\/2024\/08\/IMG_7095-1024x1024.jpg 1024w, https:\/\/www.oceanautic.es\/wp-content\/uploads\/2024\/08\/IMG_7095-150x150.jpg 150w, https:\/\/www.oceanautic.es\/wp-content\/uploads\/2024\/08\/IMG_7095-600x600.jpg 600w, https:\/\/www.oceanautic.es\/wp-content\/uploads\/2024\/08\/IMG_7095.jpg 1280w\" sizes=\"auto, (max-width: 300px) 100vw, 300px\" \/><\/div><a class=\"w-gallery-item-link\" aria-label=\"IMG_7095\" href=\"https:\/\/www.oceanautic.es\/wp-content\/uploads\/2024\/08\/IMG_7095.jpg\" title=\"IMG_7095\"><\/a><\/div><div class=\"w-gallery-item\"><div class=\"w-gallery-item-img\"><img loading=\"lazy\" decoding=\"async\" width=\"300\" height=\"300\" src=\"https:\/\/www.oceanautic.es\/wp-content\/uploads\/2024\/08\/IMG_7012-300x300.jpg\" class=\"attachment-shop_catalog size-shop_catalog\" alt=\"\" srcset=\"https:\/\/www.oceanautic.es\/wp-content\/uploads\/2024\/08\/IMG_7012-300x300.jpg 300w, https:\/\/www.oceanautic.es\/wp-content\/uploads\/2024\/08\/IMG_7012-150x150.jpg 150w\" sizes=\"auto, (max-width: 300px) 100vw, 300px\" \/><\/div><a class=\"w-gallery-item-link\" aria-label=\"IMG_7012\" href=\"https:\/\/www.oceanautic.es\/wp-content\/uploads\/2024\/08\/IMG_7012.jpg\" title=\"IMG_7012\"><\/a><\/div><div class=\"w-gallery-item\"><div class=\"w-gallery-item-img\"><img loading=\"lazy\" decoding=\"async\" width=\"300\" height=\"300\" src=\"https:\/\/www.oceanautic.es\/wp-content\/uploads\/2024\/08\/IMG_7097-300x300.jpg\" class=\"attachment-shop_catalog size-shop_catalog\" alt=\"\" srcset=\"https:\/\/www.oceanautic.es\/wp-content\/uploads\/2024\/08\/IMG_7097-300x300.jpg 300w, https:\/\/www.oceanautic.es\/wp-content\/uploads\/2024\/08\/IMG_7097-1024x1024.jpg 1024w, https:\/\/www.oceanautic.es\/wp-content\/uploads\/2024\/08\/IMG_7097-150x150.jpg 150w, https:\/\/www.oceanautic.es\/wp-content\/uploads\/2024\/08\/IMG_7097-600x600.jpg 600w, https:\/\/www.oceanautic.es\/wp-content\/uploads\/2024\/08\/IMG_7097.jpg 1280w\" sizes=\"auto, (max-width: 300px) 100vw, 300px\" \/><\/div><a class=\"w-gallery-item-link\" aria-label=\"IMG_7097\" href=\"https:\/\/www.oceanautic.es\/wp-content\/uploads\/2024\/08\/IMG_7097.jpg\" title=\"IMG_7097\"><\/a><\/div><div class=\"w-gallery-item\"><div class=\"w-gallery-item-img\"><img loading=\"lazy\" decoding=\"async\" width=\"300\" height=\"300\" src=\"https:\/\/www.oceanautic.es\/wp-content\/uploads\/2024\/08\/IMG_7098-300x300.jpg\" class=\"attachment-shop_catalog size-shop_catalog\" alt=\"\" srcset=\"https:\/\/www.oceanautic.es\/wp-content\/uploads\/2024\/08\/IMG_7098-300x300.jpg 300w, https:\/\/www.oceanautic.es\/wp-content\/uploads\/2024\/08\/IMG_7098-1024x1024.jpg 1024w, https:\/\/www.oceanautic.es\/wp-content\/uploads\/2024\/08\/IMG_7098-150x150.jpg 150w, https:\/\/www.oceanautic.es\/wp-content\/uploads\/2024\/08\/IMG_7098-600x600.jpg 600w, https:\/\/www.oceanautic.es\/wp-content\/uploads\/2024\/08\/IMG_7098.jpg 1280w\" sizes=\"auto, (max-width: 300px) 100vw, 300px\" \/><\/div><a class=\"w-gallery-item-link\" aria-label=\"IMG_7098\" href=\"https:\/\/www.oceanautic.es\/wp-content\/uploads\/2024\/08\/IMG_7098.jpg\" title=\"IMG_7098\"><\/a><\/div><div class=\"w-gallery-item\"><div class=\"w-gallery-item-img\"><img loading=\"lazy\" decoding=\"async\" width=\"300\" height=\"300\" src=\"https:\/\/www.oceanautic.es\/wp-content\/uploads\/2024\/08\/IMG_7010-300x300.jpg\" class=\"attachment-shop_catalog size-shop_catalog\" alt=\"\" srcset=\"https:\/\/www.oceanautic.es\/wp-content\/uploads\/2024\/08\/IMG_7010-300x300.jpg 300w, https:\/\/www.oceanautic.es\/wp-content\/uploads\/2024\/08\/IMG_7010-150x150.jpg 150w\" sizes=\"auto, (max-width: 300px) 100vw, 300px\" \/><\/div><a class=\"w-gallery-item-link\" aria-label=\"IMG_7010\" href=\"https:\/\/www.oceanautic.es\/wp-content\/uploads\/2024\/08\/IMG_7010.jpg\" title=\"IMG_7010\"><\/a><\/div><\/div><\/div>\n","protected":false},"excerpt":{"rendered":"<p><strong>Puerto Benalm\u00e1dena (M\u00e1laga) \/ <\/strong><strong>Exclusive JetCar Lamborghini<\/strong><\/p>\n<p><strong>Licence required \/ <\/strong><strong>For 2 people<\/strong><\/p>\n<p><strong> 30 minutes \u20ac200 \/ 1 hour \u20ac350 \/ 1 hour and a half \u20ac500 \/ 2 hours \u20ac700 <\/strong><\/p>\n<div class=\"fhCalendar\"><!-- FareHarbor calendar of item #570882 --> <script src=\"https:\/\/fareharbor.com\/embeds\/script\/calendar\/oceanautic\/items\/570882\/?fallback=simple&amp;full-items=yes&amp;flow=854086\"><\/script><\/div>\n","protected":false},"featured_media":23935,"comment_status":"closed","ping_status":"closed","template":"","meta":[],"product_brand":[],"product_cat":[96],"product_tag":[],"class_list":{"0":"post-34079","1":"product","2":"type-product","3":"status-publish","4":"has-post-thumbnail","6":"product_cat-boat-rental","8":"first","9":"instock","10":"taxable","11":"shipping-taxable","12":"purchasable","13":"product-type-variable"},"yoast_head":"<!-- This site is optimized with the Yoast SEO plugin v27.5 - https:\/\/yoast.com\/product\/yoast-seo-wordpress\/ -->\n<title>JetCar Lambo M\u00e1laga | JetCar Lambo M\u00e1laga M\u00e1laga<\/title>\n<meta name=\"description\" content=\"Exclusive Jetcar boat rental in M\u00e1laga with Oceanautic\ud83e\udd47Puerto Benalm\u00e1dena M\u00e1laga. Click now for all the information\u2705 Prices...\" \/>\n<meta name=\"robots\" content=\"index, follow, max-snippet:-1, max-image-preview:large, max-video-preview:-1\" \/>\n<link rel=\"canonical\" href=\"https:\/\/www.oceanautic.es\/en\/producto\/jetcar-lambo-malaga\/\" \/>\n<meta property=\"og:locale\" content=\"en_US\" \/>\n<meta property=\"og:type\" content=\"article\" \/>\n<meta property=\"og:title\" content=\"JetCar Lambo M\u00e1laga | JetCar Lambo M\u00e1laga M\u00e1laga\" \/>\n<meta property=\"og:description\" content=\"Exclusive Jetcar boat rental in M\u00e1laga with Oceanautic\ud83e\udd47Puerto Benalm\u00e1dena M\u00e1laga. Click now for all the information\u2705 Prices...\" \/>\n<meta property=\"og:url\" content=\"https:\/\/www.oceanautic.es\/en\/producto\/jetcar-lambo-malaga\/\" \/>\n<meta property=\"og:site_name\" content=\"OceaNautic\" \/>\n<meta property=\"article:publisher\" content=\"https:\/\/www.facebook.com\/oceanautic.club\" \/>\n<meta property=\"og:image\" content=\"https:\/\/www.oceanautic.es\/wp-content\/uploads\/2024\/08\/IMG_7087.jpg\" \/>\n\t<meta property=\"og:image:width\" content=\"1280\" \/>\n\t<meta property=\"og:image:height\" content=\"1280\" \/>\n\t<meta property=\"og:image:type\" content=\"image\/jpeg\" \/>\n<meta name=\"twitter:card\" content=\"summary_large_image\" \/>\n<meta name=\"twitter:site\" content=\"@oceanautic\" \/>\n<meta name=\"twitter:label1\" content=\"Est. reading time\" \/>\n\t<meta name=\"twitter:data1\" content=\"1 minute\" \/>\n<script type=\"application\/ld+json\" class=\"yoast-schema-graph\">{\"@context\":\"https:\\\/\\\/schema.org\",\"@graph\":[{\"@type\":\"WebPage\",\"@id\":\"https:\\\/\\\/www.oceanautic.es\\\/en\\\/producto\\\/jetcar-lambo-malaga\\\/\",\"url\":\"https:\\\/\\\/www.oceanautic.es\\\/en\\\/producto\\\/jetcar-lambo-malaga\\\/\",\"name\":\"JetCar Lambo M\u00e1laga | JetCar Lambo M\u00e1laga M\u00e1laga\",\"isPartOf\":{\"@id\":\"https:\\\/\\\/www.oceanautic.es\\\/#website\"},\"primaryImageOfPage\":{\"@id\":\"https:\\\/\\\/www.oceanautic.es\\\/en\\\/producto\\\/jetcar-lambo-malaga\\\/#primaryimage\"},\"image\":{\"@id\":\"https:\\\/\\\/www.oceanautic.es\\\/en\\\/producto\\\/jetcar-lambo-malaga\\\/#primaryimage\"},\"thumbnailUrl\":\"https:\\\/\\\/www.oceanautic.es\\\/wp-content\\\/uploads\\\/2024\\\/08\\\/IMG_7087.jpg\",\"datePublished\":\"2024-08-19T12:54:00+00:00\",\"description\":\"Exclusive Jetcar boat rental in M\u00e1laga with Oceanautic\ud83e\udd47Puerto Benalm\u00e1dena M\u00e1laga. Click now for all the information\u2705 Prices...\",\"breadcrumb\":{\"@id\":\"https:\\\/\\\/www.oceanautic.es\\\/en\\\/producto\\\/jetcar-lambo-malaga\\\/#breadcrumb\"},\"inLanguage\":\"en-US\",\"potentialAction\":[{\"@type\":\"ReadAction\",\"target\":[\"https:\\\/\\\/www.oceanautic.es\\\/en\\\/producto\\\/jetcar-lambo-malaga\\\/\"]}]},{\"@type\":\"ImageObject\",\"inLanguage\":\"en-US\",\"@id\":\"https:\\\/\\\/www.oceanautic.es\\\/en\\\/producto\\\/jetcar-lambo-malaga\\\/#primaryimage\",\"url\":\"https:\\\/\\\/www.oceanautic.es\\\/wp-content\\\/uploads\\\/2024\\\/08\\\/IMG_7087.jpg\",\"contentUrl\":\"https:\\\/\\\/www.oceanautic.es\\\/wp-content\\\/uploads\\\/2024\\\/08\\\/IMG_7087.jpg\",\"width\":1280,\"height\":1280},{\"@type\":\"BreadcrumbList\",\"@id\":\"https:\\\/\\\/www.oceanautic.es\\\/en\\\/producto\\\/jetcar-lambo-malaga\\\/#breadcrumb\",\"itemListElement\":[{\"@type\":\"ListItem\",\"position\":1,\"name\":\"Portada\",\"item\":\"https:\\\/\\\/www.oceanautic.es\\\/en\\\/home\\\/\"},{\"@type\":\"ListItem\",\"position\":2,\"name\":\"Shop\",\"item\":\"https:\\\/\\\/www.oceanautic.es\\\/en\\\/shop\\\/\"},{\"@type\":\"ListItem\",\"position\":3,\"name\":\"JetCar Lambo M\u00e1laga\"}]},{\"@type\":\"WebSite\",\"@id\":\"https:\\\/\\\/www.oceanautic.es\\\/#website\",\"url\":\"https:\\\/\\\/www.oceanautic.es\\\/\",\"name\":\"OceaNautic\",\"description\":\"\",\"publisher\":{\"@id\":\"https:\\\/\\\/www.oceanautic.es\\\/#organization\"},\"potentialAction\":[{\"@type\":\"SearchAction\",\"target\":{\"@type\":\"EntryPoint\",\"urlTemplate\":\"https:\\\/\\\/www.oceanautic.es\\\/?s={search_term_string}\"},\"query-input\":{\"@type\":\"PropertyValueSpecification\",\"valueRequired\":true,\"valueName\":\"search_term_string\"}}],\"inLanguage\":\"en-US\"},{\"@type\":\"Organization\",\"@id\":\"https:\\\/\\\/www.oceanautic.es\\\/#organization\",\"name\":\"OceaNautic\",\"url\":\"https:\\\/\\\/www.oceanautic.es\\\/\",\"logo\":{\"@type\":\"ImageObject\",\"inLanguage\":\"en-US\",\"@id\":\"https:\\\/\\\/www.oceanautic.es\\\/#\\\/schema\\\/logo\\\/image\\\/\",\"url\":\"https:\\\/\\\/www.oceanautic.es\\\/wp-content\\\/uploads\\\/2020\\\/03\\\/logo-footer.jpg\",\"contentUrl\":\"https:\\\/\\\/www.oceanautic.es\\\/wp-content\\\/uploads\\\/2020\\\/03\\\/logo-footer.jpg\",\"width\":162,\"height\":113,\"caption\":\"OceaNautic\"},\"image\":{\"@id\":\"https:\\\/\\\/www.oceanautic.es\\\/#\\\/schema\\\/logo\\\/image\\\/\"},\"sameAs\":[\"https:\\\/\\\/www.facebook.com\\\/oceanautic.club\",\"https:\\\/\\\/x.com\\\/oceanautic\",\"https:\\\/\\\/www.instagram.com\\\/oceanautic\\\/\"]}]}<\/script>\n<!-- \/ Yoast SEO plugin. -->","yoast_head_json":{"title":"JetCar Lambo M\u00e1laga | JetCar Lambo M\u00e1laga M\u00e1laga","description":"Exclusive Jetcar boat rental in M\u00e1laga with Oceanautic\ud83e\udd47Puerto Benalm\u00e1dena M\u00e1laga. Click now for all the information\u2705 Prices...","robots":{"index":"index","follow":"follow","max-snippet":"max-snippet:-1","max-image-preview":"max-image-preview:large","max-video-preview":"max-video-preview:-1"},"canonical":"https:\/\/www.oceanautic.es\/en\/producto\/jetcar-lambo-malaga\/","og_locale":"en_US","og_type":"article","og_title":"JetCar Lambo M\u00e1laga | JetCar Lambo M\u00e1laga M\u00e1laga","og_description":"Exclusive Jetcar boat rental in M\u00e1laga with Oceanautic\ud83e\udd47Puerto Benalm\u00e1dena M\u00e1laga. Click now for all the information\u2705 Prices...","og_url":"https:\/\/www.oceanautic.es\/en\/producto\/jetcar-lambo-malaga\/","og_site_name":"OceaNautic","article_publisher":"https:\/\/www.facebook.com\/oceanautic.club","og_image":[{"width":1280,"height":1280,"url":"https:\/\/www.oceanautic.es\/wp-content\/uploads\/2024\/08\/IMG_7087.jpg","type":"image\/jpeg"}],"twitter_card":"summary_large_image","twitter_site":"@oceanautic","twitter_misc":{"Est. reading time":"1 minute"},"schema":{"@context":"https:\/\/schema.org","@graph":[{"@type":"WebPage","@id":"https:\/\/www.oceanautic.es\/en\/producto\/jetcar-lambo-malaga\/","url":"https:\/\/www.oceanautic.es\/en\/producto\/jetcar-lambo-malaga\/","name":"JetCar Lambo M\u00e1laga | JetCar Lambo M\u00e1laga M\u00e1laga","isPartOf":{"@id":"https:\/\/www.oceanautic.es\/#website"},"primaryImageOfPage":{"@id":"https:\/\/www.oceanautic.es\/en\/producto\/jetcar-lambo-malaga\/#primaryimage"},"image":{"@id":"https:\/\/www.oceanautic.es\/en\/producto\/jetcar-lambo-malaga\/#primaryimage"},"thumbnailUrl":"https:\/\/www.oceanautic.es\/wp-content\/uploads\/2024\/08\/IMG_7087.jpg","datePublished":"2024-08-19T12:54:00+00:00","description":"Exclusive Jetcar boat rental in M\u00e1laga with Oceanautic\ud83e\udd47Puerto Benalm\u00e1dena M\u00e1laga. Click now for all the information\u2705 Prices...","breadcrumb":{"@id":"https:\/\/www.oceanautic.es\/en\/producto\/jetcar-lambo-malaga\/#breadcrumb"},"inLanguage":"en-US","potentialAction":[{"@type":"ReadAction","target":["https:\/\/www.oceanautic.es\/en\/producto\/jetcar-lambo-malaga\/"]}]},{"@type":"ImageObject","inLanguage":"en-US","@id":"https:\/\/www.oceanautic.es\/en\/producto\/jetcar-lambo-malaga\/#primaryimage","url":"https:\/\/www.oceanautic.es\/wp-content\/uploads\/2024\/08\/IMG_7087.jpg","contentUrl":"https:\/\/www.oceanautic.es\/wp-content\/uploads\/2024\/08\/IMG_7087.jpg","width":1280,"height":1280},{"@type":"BreadcrumbList","@id":"https:\/\/www.oceanautic.es\/en\/producto\/jetcar-lambo-malaga\/#breadcrumb","itemListElement":[{"@type":"ListItem","position":1,"name":"Portada","item":"https:\/\/www.oceanautic.es\/en\/home\/"},{"@type":"ListItem","position":2,"name":"Shop","item":"https:\/\/www.oceanautic.es\/en\/shop\/"},{"@type":"ListItem","position":3,"name":"JetCar Lambo M\u00e1laga"}]},{"@type":"WebSite","@id":"https:\/\/www.oceanautic.es\/#website","url":"https:\/\/www.oceanautic.es\/","name":"OceaNautic","description":"","publisher":{"@id":"https:\/\/www.oceanautic.es\/#organization"},"potentialAction":[{"@type":"SearchAction","target":{"@type":"EntryPoint","urlTemplate":"https:\/\/www.oceanautic.es\/?s={search_term_string}"},"query-input":{"@type":"PropertyValueSpecification","valueRequired":true,"valueName":"search_term_string"}}],"inLanguage":"en-US"},{"@type":"Organization","@id":"https:\/\/www.oceanautic.es\/#organization","name":"OceaNautic","url":"https:\/\/www.oceanautic.es\/","logo":{"@type":"ImageObject","inLanguage":"en-US","@id":"https:\/\/www.oceanautic.es\/#\/schema\/logo\/image\/","url":"https:\/\/www.oceanautic.es\/wp-content\/uploads\/2020\/03\/logo-footer.jpg","contentUrl":"https:\/\/www.oceanautic.es\/wp-content\/uploads\/2020\/03\/logo-footer.jpg","width":162,"height":113,"caption":"OceaNautic"},"image":{"@id":"https:\/\/www.oceanautic.es\/#\/schema\/logo\/image\/"},"sameAs":["https:\/\/www.facebook.com\/oceanautic.club","https:\/\/x.com\/oceanautic","https:\/\/www.instagram.com\/oceanautic\/"]}]}},"_links":{"self":[{"href":"https:\/\/www.oceanautic.es\/en\/wp-json\/wp\/v2\/product\/34079","targetHints":{"allow":["GET"]}}],"collection":[{"href":"https:\/\/www.oceanautic.es\/en\/wp-json\/wp\/v2\/product"}],"about":[{"href":"https:\/\/www.oceanautic.es\/en\/wp-json\/wp\/v2\/types\/product"}],"replies":[{"embeddable":true,"href":"https:\/\/www.oceanautic.es\/en\/wp-json\/wp\/v2\/comments?post=34079"}],"wp:featuredmedia":[{"embeddable":true,"href":"https:\/\/www.oceanautic.es\/en\/wp-json\/wp\/v2\/media\/23935"}],"wp:attachment":[{"href":"https:\/\/www.oceanautic.es\/en\/wp-json\/wp\/v2\/media?parent=34079"}],"wp:term":[{"taxonomy":"product_brand","embeddable":true,"href":"https:\/\/www.oceanautic.es\/en\/wp-json\/wp\/v2\/product_brand?post=34079"},{"taxonomy":"product_cat","embeddable":true,"href":"https:\/\/www.oceanautic.es\/en\/wp-json\/wp\/v2\/product_cat?post=34079"},{"taxonomy":"product_tag","embeddable":true,"href":"https:\/\/www.oceanautic.es\/en\/wp-json\/wp\/v2\/product_tag?post=34079"}],"curies":[{"name":"wp","href":"https:\/\/api.w.org\/{rel}","templated":true}]}}