{"id":34017,"date":"2020-04-14T18:19:35","date_gmt":"2020-04-14T18:19:35","guid":{"rendered":"https:\/\/www.oceanautic.es\/producto\/per-extension-to-24-m-length-overall-and-sailing-between-mainland-spain-and-the-balearic-islands\/"},"modified":"2020-04-14T18:19:35","modified_gmt":"2020-04-14T18:19:35","slug":"per-extension-to-24-m-length-overall-and-sailing-between-mainland-spain-and-the-balearic-islands","status":"publish","type":"product","link":"https:\/\/www.oceanautic.es\/en\/producto\/per-extension-to-24-m-length-overall-and-sailing-between-mainland-spain-and-the-balearic-islands\/","title":{"rendered":"PER extension to 24 m length overall and sailing between mainland Spain and the Balearic Islands"},"content":{"rendered":"<p><strong>Si est\u00e1s en posesi\u00f3n del PER<\/strong> y quieres ampliar a 24 metros de eslora y la navegaci\u00f3n entre Pen\u00ednsula y las Islas Baleares, puedes realizar las pr\u00e1cticas de ampliaci\u00f3n con una duraci\u00f3n de <em><strong>24 horas de navegaci\u00f3n.<\/strong><\/em>Estas pr\u00e1cticas se organizan en Catamar\u00e1n con salida desde dos puertos diferentes, Marbella o M\u00e1laga.<\/p>\n<p><strong>PR\u00d3XIMO CURSO<\/strong><strong>Convocatoria 2025<\/strong><strong>Todos los meses.<\/strong><a href=\"https:\/\/www.oceanautic.es\/en\/contact\/\"><strong>M\u00c1S INFORMACI\u00d3N<\/strong><\/a><!-- Hide and replace with Fareharbor calendar --><\/p>\n<style> .price {display: none !important;}<\/style>\n<style> .cart {display: none !important;}<\/style>\n","protected":false},"excerpt":{"rendered":"<p><strong>If you hold the PER<\/strong> and would like to extend it to 24 m length overall and sailing between mainland Spain and the Balearic Islands, you can complete the extension practical training with a total duration of 24 hours at sea.<\/p>\n<p>These practical sessions are carried out on a catamaran, departing from two different ports: Marbella or M\u00e1laga.<\/p>\n<p><!-- Fareharbor button --><a class=\"fh-icon--calendar-check fh-button-true-flat-red fh-font--inherit\" href=\"https:\/\/fareharbor.com\/embeds\/book\/oceanautic\/?full-items=yes&amp;flow=854085\">Book Online<\/a><\/p>\n","protected":false},"featured_media":4442,"comment_status":"open","ping_status":"closed","template":"","meta":[],"product_brand":[],"product_cat":[92],"product_tag":[],"class_list":{"0":"post-34017","1":"product","2":"type-product","3":"status-publish","4":"has-post-thumbnail","6":"product_cat-oceanautic-nautical-school","8":"first","9":"instock","10":"virtual","11":"taxable","12":"purchasable","13":"product-type-simple"},"yoast_head":"<!-- This site is optimized with the Yoast SEO plugin v27.5 - https:\/\/yoast.com\/product\/yoast-seo-wordpress\/ -->\n<title>PER extension to 24 m length overall and Balearic crossing\ud83e\udd47 | Oceanautic\u00ae\ufe0f<\/title>\n<meta name=\"description\" content=\"Do you have the PER? With Oceanautic you can extend your privileges to 24 m length overall and sailing between mainland Spain and the Balearic Islands\u2014find out more!\" \/>\n<meta name=\"robots\" content=\"index, follow, max-snippet:-1, max-image-preview:large, max-video-preview:-1\" \/>\n<link rel=\"canonical\" href=\"https:\/\/www.oceanautic.es\/en\/producto\/per-extension-to-24-m-length-overall-and-sailing-between-mainland-spain-and-the-balearic-islands\/\" \/>\n<meta property=\"og:locale\" content=\"en_US\" \/>\n<meta property=\"og:type\" content=\"article\" \/>\n<meta property=\"og:title\" content=\"PER extension to 24 m length overall and Balearic crossing\ud83e\udd47 | Oceanautic\u00ae\ufe0f\" \/>\n<meta property=\"og:description\" content=\"Do you have the PER? With Oceanautic you can extend your privileges to 24 m length overall and sailing between mainland Spain and the Balearic Islands\u2014find out more!\" \/>\n<meta property=\"og:url\" content=\"https:\/\/www.oceanautic.es\/en\/producto\/per-extension-to-24-m-length-overall-and-sailing-between-mainland-spain-and-the-balearic-islands\/\" \/>\n<meta property=\"og:site_name\" content=\"OceaNautic\" \/>\n<meta property=\"article:publisher\" content=\"https:\/\/www.facebook.com\/oceanautic.club\" \/>\n<meta property=\"og:image\" content=\"https:\/\/www.oceanautic.es\/wp-content\/uploads\/2020\/10\/retok.jpg\" \/>\n\t<meta property=\"og:image:width\" content=\"1000\" \/>\n\t<meta property=\"og:image:height\" content=\"667\" \/>\n\t<meta property=\"og:image:type\" content=\"image\/jpeg\" \/>\n<meta name=\"twitter:card\" content=\"summary_large_image\" \/>\n<meta name=\"twitter:site\" content=\"@oceanautic\" \/>\n<script type=\"application\/ld+json\" class=\"yoast-schema-graph\">{\"@context\":\"https:\\\/\\\/schema.org\",\"@graph\":[{\"@type\":\"WebPage\",\"@id\":\"https:\\\/\\\/www.oceanautic.es\\\/en\\\/producto\\\/per-extension-to-24-m-length-overall-and-sailing-between-mainland-spain-and-the-balearic-islands\\\/\",\"url\":\"https:\\\/\\\/www.oceanautic.es\\\/en\\\/producto\\\/per-extension-to-24-m-length-overall-and-sailing-between-mainland-spain-and-the-balearic-islands\\\/\",\"name\":\"PER extension to 24 m length overall and Balearic crossing\ud83e\udd47 | Oceanautic\u00ae\ufe0f\",\"isPartOf\":{\"@id\":\"https:\\\/\\\/www.oceanautic.es\\\/#website\"},\"primaryImageOfPage\":{\"@id\":\"https:\\\/\\\/www.oceanautic.es\\\/en\\\/producto\\\/per-extension-to-24-m-length-overall-and-sailing-between-mainland-spain-and-the-balearic-islands\\\/#primaryimage\"},\"image\":{\"@id\":\"https:\\\/\\\/www.oceanautic.es\\\/en\\\/producto\\\/per-extension-to-24-m-length-overall-and-sailing-between-mainland-spain-and-the-balearic-islands\\\/#primaryimage\"},\"thumbnailUrl\":\"https:\\\/\\\/www.oceanautic.es\\\/wp-content\\\/uploads\\\/2020\\\/10\\\/retok.jpg\",\"datePublished\":\"2020-04-14T18:19:35+00:00\",\"description\":\"Do you have the PER? With Oceanautic you can extend your privileges to 24 m length overall and sailing between mainland Spain and the Balearic Islands\u2014find out more!\",\"breadcrumb\":{\"@id\":\"https:\\\/\\\/www.oceanautic.es\\\/en\\\/producto\\\/per-extension-to-24-m-length-overall-and-sailing-between-mainland-spain-and-the-balearic-islands\\\/#breadcrumb\"},\"inLanguage\":\"en-US\",\"potentialAction\":[{\"@type\":\"ReadAction\",\"target\":[\"https:\\\/\\\/www.oceanautic.es\\\/en\\\/producto\\\/per-extension-to-24-m-length-overall-and-sailing-between-mainland-spain-and-the-balearic-islands\\\/\"]}]},{\"@type\":\"ImageObject\",\"inLanguage\":\"en-US\",\"@id\":\"https:\\\/\\\/www.oceanautic.es\\\/en\\\/producto\\\/per-extension-to-24-m-length-overall-and-sailing-between-mainland-spain-and-the-balearic-islands\\\/#primaryimage\",\"url\":\"https:\\\/\\\/www.oceanautic.es\\\/wp-content\\\/uploads\\\/2020\\\/10\\\/retok.jpg\",\"contentUrl\":\"https:\\\/\\\/www.oceanautic.es\\\/wp-content\\\/uploads\\\/2020\\\/10\\\/retok.jpg\",\"width\":1000,\"height\":667},{\"@type\":\"BreadcrumbList\",\"@id\":\"https:\\\/\\\/www.oceanautic.es\\\/en\\\/producto\\\/per-extension-to-24-m-length-overall-and-sailing-between-mainland-spain-and-the-balearic-islands\\\/#breadcrumb\",\"itemListElement\":[{\"@type\":\"ListItem\",\"position\":1,\"name\":\"Portada\",\"item\":\"https:\\\/\\\/www.oceanautic.es\\\/en\\\/home\\\/\"},{\"@type\":\"ListItem\",\"position\":2,\"name\":\"Shop\",\"item\":\"https:\\\/\\\/www.oceanautic.es\\\/en\\\/shop\\\/\"},{\"@type\":\"ListItem\",\"position\":3,\"name\":\"PER extension to 24 m length overall and sailing between mainland Spain and the Balearic Islands\"}]},{\"@type\":\"WebSite\",\"@id\":\"https:\\\/\\\/www.oceanautic.es\\\/#website\",\"url\":\"https:\\\/\\\/www.oceanautic.es\\\/\",\"name\":\"OceaNautic\",\"description\":\"\",\"publisher\":{\"@id\":\"https:\\\/\\\/www.oceanautic.es\\\/#organization\"},\"potentialAction\":[{\"@type\":\"SearchAction\",\"target\":{\"@type\":\"EntryPoint\",\"urlTemplate\":\"https:\\\/\\\/www.oceanautic.es\\\/?s={search_term_string}\"},\"query-input\":{\"@type\":\"PropertyValueSpecification\",\"valueRequired\":true,\"valueName\":\"search_term_string\"}}],\"inLanguage\":\"en-US\"},{\"@type\":\"Organization\",\"@id\":\"https:\\\/\\\/www.oceanautic.es\\\/#organization\",\"name\":\"OceaNautic\",\"url\":\"https:\\\/\\\/www.oceanautic.es\\\/\",\"logo\":{\"@type\":\"ImageObject\",\"inLanguage\":\"en-US\",\"@id\":\"https:\\\/\\\/www.oceanautic.es\\\/#\\\/schema\\\/logo\\\/image\\\/\",\"url\":\"https:\\\/\\\/www.oceanautic.es\\\/wp-content\\\/uploads\\\/2020\\\/03\\\/logo-footer.jpg\",\"contentUrl\":\"https:\\\/\\\/www.oceanautic.es\\\/wp-content\\\/uploads\\\/2020\\\/03\\\/logo-footer.jpg\",\"width\":162,\"height\":113,\"caption\":\"OceaNautic\"},\"image\":{\"@id\":\"https:\\\/\\\/www.oceanautic.es\\\/#\\\/schema\\\/logo\\\/image\\\/\"},\"sameAs\":[\"https:\\\/\\\/www.facebook.com\\\/oceanautic.club\",\"https:\\\/\\\/x.com\\\/oceanautic\",\"https:\\\/\\\/www.instagram.com\\\/oceanautic\\\/\"]}]}<\/script>\n<!-- \/ Yoast SEO plugin. -->","yoast_head_json":{"title":"PER extension to 24 m length overall and Balearic crossing\ud83e\udd47 | Oceanautic\u00ae\ufe0f","description":"Do you have the PER? With Oceanautic you can extend your privileges to 24 m length overall and sailing between mainland Spain and the Balearic Islands\u2014find out more!","robots":{"index":"index","follow":"follow","max-snippet":"max-snippet:-1","max-image-preview":"max-image-preview:large","max-video-preview":"max-video-preview:-1"},"canonical":"https:\/\/www.oceanautic.es\/en\/producto\/per-extension-to-24-m-length-overall-and-sailing-between-mainland-spain-and-the-balearic-islands\/","og_locale":"en_US","og_type":"article","og_title":"PER extension to 24 m length overall and Balearic crossing\ud83e\udd47 | Oceanautic\u00ae\ufe0f","og_description":"Do you have the PER? With Oceanautic you can extend your privileges to 24 m length overall and sailing between mainland Spain and the Balearic Islands\u2014find out more!","og_url":"https:\/\/www.oceanautic.es\/en\/producto\/per-extension-to-24-m-length-overall-and-sailing-between-mainland-spain-and-the-balearic-islands\/","og_site_name":"OceaNautic","article_publisher":"https:\/\/www.facebook.com\/oceanautic.club","og_image":[{"width":1000,"height":667,"url":"https:\/\/www.oceanautic.es\/wp-content\/uploads\/2020\/10\/retok.jpg","type":"image\/jpeg"}],"twitter_card":"summary_large_image","twitter_site":"@oceanautic","schema":{"@context":"https:\/\/schema.org","@graph":[{"@type":"WebPage","@id":"https:\/\/www.oceanautic.es\/en\/producto\/per-extension-to-24-m-length-overall-and-sailing-between-mainland-spain-and-the-balearic-islands\/","url":"https:\/\/www.oceanautic.es\/en\/producto\/per-extension-to-24-m-length-overall-and-sailing-between-mainland-spain-and-the-balearic-islands\/","name":"PER extension to 24 m length overall and Balearic crossing\ud83e\udd47 | Oceanautic\u00ae\ufe0f","isPartOf":{"@id":"https:\/\/www.oceanautic.es\/#website"},"primaryImageOfPage":{"@id":"https:\/\/www.oceanautic.es\/en\/producto\/per-extension-to-24-m-length-overall-and-sailing-between-mainland-spain-and-the-balearic-islands\/#primaryimage"},"image":{"@id":"https:\/\/www.oceanautic.es\/en\/producto\/per-extension-to-24-m-length-overall-and-sailing-between-mainland-spain-and-the-balearic-islands\/#primaryimage"},"thumbnailUrl":"https:\/\/www.oceanautic.es\/wp-content\/uploads\/2020\/10\/retok.jpg","datePublished":"2020-04-14T18:19:35+00:00","description":"Do you have the PER? With Oceanautic you can extend your privileges to 24 m length overall and sailing between mainland Spain and the Balearic Islands\u2014find out more!","breadcrumb":{"@id":"https:\/\/www.oceanautic.es\/en\/producto\/per-extension-to-24-m-length-overall-and-sailing-between-mainland-spain-and-the-balearic-islands\/#breadcrumb"},"inLanguage":"en-US","potentialAction":[{"@type":"ReadAction","target":["https:\/\/www.oceanautic.es\/en\/producto\/per-extension-to-24-m-length-overall-and-sailing-between-mainland-spain-and-the-balearic-islands\/"]}]},{"@type":"ImageObject","inLanguage":"en-US","@id":"https:\/\/www.oceanautic.es\/en\/producto\/per-extension-to-24-m-length-overall-and-sailing-between-mainland-spain-and-the-balearic-islands\/#primaryimage","url":"https:\/\/www.oceanautic.es\/wp-content\/uploads\/2020\/10\/retok.jpg","contentUrl":"https:\/\/www.oceanautic.es\/wp-content\/uploads\/2020\/10\/retok.jpg","width":1000,"height":667},{"@type":"BreadcrumbList","@id":"https:\/\/www.oceanautic.es\/en\/producto\/per-extension-to-24-m-length-overall-and-sailing-between-mainland-spain-and-the-balearic-islands\/#breadcrumb","itemListElement":[{"@type":"ListItem","position":1,"name":"Portada","item":"https:\/\/www.oceanautic.es\/en\/home\/"},{"@type":"ListItem","position":2,"name":"Shop","item":"https:\/\/www.oceanautic.es\/en\/shop\/"},{"@type":"ListItem","position":3,"name":"PER extension to 24 m length overall and sailing between mainland Spain and the Balearic Islands"}]},{"@type":"WebSite","@id":"https:\/\/www.oceanautic.es\/#website","url":"https:\/\/www.oceanautic.es\/","name":"OceaNautic","description":"","publisher":{"@id":"https:\/\/www.oceanautic.es\/#organization"},"potentialAction":[{"@type":"SearchAction","target":{"@type":"EntryPoint","urlTemplate":"https:\/\/www.oceanautic.es\/?s={search_term_string}"},"query-input":{"@type":"PropertyValueSpecification","valueRequired":true,"valueName":"search_term_string"}}],"inLanguage":"en-US"},{"@type":"Organization","@id":"https:\/\/www.oceanautic.es\/#organization","name":"OceaNautic","url":"https:\/\/www.oceanautic.es\/","logo":{"@type":"ImageObject","inLanguage":"en-US","@id":"https:\/\/www.oceanautic.es\/#\/schema\/logo\/image\/","url":"https:\/\/www.oceanautic.es\/wp-content\/uploads\/2020\/03\/logo-footer.jpg","contentUrl":"https:\/\/www.oceanautic.es\/wp-content\/uploads\/2020\/03\/logo-footer.jpg","width":162,"height":113,"caption":"OceaNautic"},"image":{"@id":"https:\/\/www.oceanautic.es\/#\/schema\/logo\/image\/"},"sameAs":["https:\/\/www.facebook.com\/oceanautic.club","https:\/\/x.com\/oceanautic","https:\/\/www.instagram.com\/oceanautic\/"]}]}},"_links":{"self":[{"href":"https:\/\/www.oceanautic.es\/en\/wp-json\/wp\/v2\/product\/34017","targetHints":{"allow":["GET"]}}],"collection":[{"href":"https:\/\/www.oceanautic.es\/en\/wp-json\/wp\/v2\/product"}],"about":[{"href":"https:\/\/www.oceanautic.es\/en\/wp-json\/wp\/v2\/types\/product"}],"replies":[{"embeddable":true,"href":"https:\/\/www.oceanautic.es\/en\/wp-json\/wp\/v2\/comments?post=34017"}],"wp:featuredmedia":[{"embeddable":true,"href":"https:\/\/www.oceanautic.es\/en\/wp-json\/wp\/v2\/media\/4442"}],"wp:attachment":[{"href":"https:\/\/www.oceanautic.es\/en\/wp-json\/wp\/v2\/media?parent=34017"}],"wp:term":[{"taxonomy":"product_brand","embeddable":true,"href":"https:\/\/www.oceanautic.es\/en\/wp-json\/wp\/v2\/product_brand?post=34017"},{"taxonomy":"product_cat","embeddable":true,"href":"https:\/\/www.oceanautic.es\/en\/wp-json\/wp\/v2\/product_cat?post=34017"},{"taxonomy":"product_tag","embeddable":true,"href":"https:\/\/www.oceanautic.es\/en\/wp-json\/wp\/v2\/product_tag?post=34017"}],"curies":[{"name":"wp","href":"https:\/\/api.w.org\/{rel}","templated":true}]}}