{"id":34015,"date":"2020-04-14T18:19:35","date_gmt":"2020-04-14T18:19:35","guid":{"rendered":"https:\/\/www.oceanautic.es\/producto\/sailing-endorsement-practical-training\/"},"modified":"2020-04-14T18:19:35","modified_gmt":"2020-04-14T18:19:35","slug":"sailing-endorsement-practical-training","status":"publish","type":"product","link":"https:\/\/www.oceanautic.es\/en\/producto\/sailing-endorsement-practical-training\/","title":{"rendered":"Sailing Endorsement Practical Training"},"content":{"rendered":"<p>Para obtener la <strong>habilitaci\u00f3n a Vela<\/strong> tienes que realizar las pr\u00e1cticas de Vela con una duraci\u00f3n de 16 horas. Normalmente, suelen realizarse en un fin de semana completo. Estas son v\u00e1lidas para: PNB, PER, Patr\u00f3n de Yate y Capit\u00e1n de Yate.<\/p>\n<p><strong>PR\u00d3XIMO CURSO<\/strong><strong>Convocatoria 2025<\/strong><strong>Todos los meses.<\/strong><a href=\"https:\/\/www.oceanautic.es\/en\/contact\/\"><strong>M\u00c1S INFORMACI\u00d3N<\/strong><\/a><!-- Hide and replace with Fareharbor calendar --><\/p>\n<style> .price {display: none !important;}<\/style>\n<style> .cart {display: none !important;}<\/style>\n","protected":false},"excerpt":{"rendered":"<p>To obtain the <strong>Sailing endorsement<\/strong>, you must complete the sailing practical training, with a duration of 16 hours. These are typically conducted over a full weekend. These are valid for: PNB, PER, Yacht Master, and Yacht Captain.<\/p>\n<p><!-- Fareharbor button --><a class=\"fh-icon--calendar-check fh-button-true-flat-red fh-font--inherit\" href=\"https:\/\/fareharbor.com\/embeds\/book\/oceanautic\/?full-items=yes&amp;flow=854085\">Book Online<\/a><\/p>\n","protected":false},"featured_media":496,"comment_status":"open","ping_status":"closed","template":"","meta":[],"product_brand":[],"product_cat":[92],"product_tag":[],"class_list":{"0":"post-34015","1":"product","2":"type-product","3":"status-publish","4":"has-post-thumbnail","6":"product_cat-oceanautic-nautical-school","8":"first","9":"instock","10":"sale","11":"virtual","12":"taxable","13":"purchasable","14":"product-type-simple"},"yoast_head":"<!-- This site is optimized with the Yoast SEO plugin v27.5 - https:\/\/yoast.com\/product\/yoast-seo-wordpress\/ -->\n<title>Sailing Endorsement Practical Training on the Costa del Sol\ud83e\udd47| Oceanautic\u00ae\ufe0f<\/title>\n<meta name=\"description\" content=\"Complete your Sailing Endorsement practical training on the Costa del Sol with Oceanautic \ud83e\udd47Visit now for more information \u2705 Requirements, privileges...\" \/>\n<meta name=\"robots\" content=\"index, follow, max-snippet:-1, max-image-preview:large, max-video-preview:-1\" \/>\n<link rel=\"canonical\" href=\"https:\/\/www.oceanautic.es\/en\/producto\/sailing-endorsement-practical-training\/\" \/>\n<meta property=\"og:locale\" content=\"en_US\" \/>\n<meta property=\"og:type\" content=\"article\" \/>\n<meta property=\"og:title\" content=\"Sailing Endorsement Practical Training on the Costa del Sol\ud83e\udd47| Oceanautic\u00ae\ufe0f\" \/>\n<meta property=\"og:description\" content=\"Complete your Sailing Endorsement practical training on the Costa del Sol with Oceanautic \ud83e\udd47Visit now for more information \u2705 Requirements, privileges...\" \/>\n<meta property=\"og:url\" content=\"https:\/\/www.oceanautic.es\/en\/producto\/sailing-endorsement-practical-training\/\" \/>\n<meta property=\"og:site_name\" content=\"OceaNautic\" \/>\n<meta property=\"article:publisher\" content=\"https:\/\/www.facebook.com\/oceanautic.club\" \/>\n<meta property=\"og:image\" content=\"https:\/\/www.oceanautic.es\/wp-content\/uploads\/2020\/04\/vela.jpeg\" \/>\n\t<meta property=\"og:image:width\" content=\"1600\" \/>\n\t<meta property=\"og:image:height\" content=\"1066\" \/>\n\t<meta property=\"og:image:type\" content=\"image\/jpeg\" \/>\n<meta name=\"twitter:card\" content=\"summary_large_image\" \/>\n<meta name=\"twitter:site\" content=\"@oceanautic\" \/>\n<script type=\"application\/ld+json\" class=\"yoast-schema-graph\">{\"@context\":\"https:\\\/\\\/schema.org\",\"@graph\":[{\"@type\":\"WebPage\",\"@id\":\"https:\\\/\\\/www.oceanautic.es\\\/en\\\/producto\\\/sailing-endorsement-practical-training\\\/\",\"url\":\"https:\\\/\\\/www.oceanautic.es\\\/en\\\/producto\\\/sailing-endorsement-practical-training\\\/\",\"name\":\"Sailing Endorsement Practical Training on the Costa del Sol\ud83e\udd47| Oceanautic\u00ae\ufe0f\",\"isPartOf\":{\"@id\":\"https:\\\/\\\/www.oceanautic.es\\\/#website\"},\"primaryImageOfPage\":{\"@id\":\"https:\\\/\\\/www.oceanautic.es\\\/en\\\/producto\\\/sailing-endorsement-practical-training\\\/#primaryimage\"},\"image\":{\"@id\":\"https:\\\/\\\/www.oceanautic.es\\\/en\\\/producto\\\/sailing-endorsement-practical-training\\\/#primaryimage\"},\"thumbnailUrl\":\"https:\\\/\\\/www.oceanautic.es\\\/wp-content\\\/uploads\\\/2020\\\/04\\\/vela.jpeg\",\"datePublished\":\"2020-04-14T18:19:35+00:00\",\"description\":\"Complete your Sailing Endorsement practical training on the Costa del Sol with Oceanautic \ud83e\udd47Visit now for more information \u2705 Requirements, privileges...\",\"breadcrumb\":{\"@id\":\"https:\\\/\\\/www.oceanautic.es\\\/en\\\/producto\\\/sailing-endorsement-practical-training\\\/#breadcrumb\"},\"inLanguage\":\"en-US\",\"potentialAction\":[{\"@type\":\"ReadAction\",\"target\":[\"https:\\\/\\\/www.oceanautic.es\\\/en\\\/producto\\\/sailing-endorsement-practical-training\\\/\"]}]},{\"@type\":\"ImageObject\",\"inLanguage\":\"en-US\",\"@id\":\"https:\\\/\\\/www.oceanautic.es\\\/en\\\/producto\\\/sailing-endorsement-practical-training\\\/#primaryimage\",\"url\":\"https:\\\/\\\/www.oceanautic.es\\\/wp-content\\\/uploads\\\/2020\\\/04\\\/vela.jpeg\",\"contentUrl\":\"https:\\\/\\\/www.oceanautic.es\\\/wp-content\\\/uploads\\\/2020\\\/04\\\/vela.jpeg\",\"width\":1600,\"height\":1066,\"caption\":\"Vela\"},{\"@type\":\"BreadcrumbList\",\"@id\":\"https:\\\/\\\/www.oceanautic.es\\\/en\\\/producto\\\/sailing-endorsement-practical-training\\\/#breadcrumb\",\"itemListElement\":[{\"@type\":\"ListItem\",\"position\":1,\"name\":\"Portada\",\"item\":\"https:\\\/\\\/www.oceanautic.es\\\/en\\\/home\\\/\"},{\"@type\":\"ListItem\",\"position\":2,\"name\":\"Shop\",\"item\":\"https:\\\/\\\/www.oceanautic.es\\\/en\\\/shop\\\/\"},{\"@type\":\"ListItem\",\"position\":3,\"name\":\"Sailing Endorsement Practical Training\"}]},{\"@type\":\"WebSite\",\"@id\":\"https:\\\/\\\/www.oceanautic.es\\\/#website\",\"url\":\"https:\\\/\\\/www.oceanautic.es\\\/\",\"name\":\"OceaNautic\",\"description\":\"\",\"publisher\":{\"@id\":\"https:\\\/\\\/www.oceanautic.es\\\/#organization\"},\"potentialAction\":[{\"@type\":\"SearchAction\",\"target\":{\"@type\":\"EntryPoint\",\"urlTemplate\":\"https:\\\/\\\/www.oceanautic.es\\\/?s={search_term_string}\"},\"query-input\":{\"@type\":\"PropertyValueSpecification\",\"valueRequired\":true,\"valueName\":\"search_term_string\"}}],\"inLanguage\":\"en-US\"},{\"@type\":\"Organization\",\"@id\":\"https:\\\/\\\/www.oceanautic.es\\\/#organization\",\"name\":\"OceaNautic\",\"url\":\"https:\\\/\\\/www.oceanautic.es\\\/\",\"logo\":{\"@type\":\"ImageObject\",\"inLanguage\":\"en-US\",\"@id\":\"https:\\\/\\\/www.oceanautic.es\\\/#\\\/schema\\\/logo\\\/image\\\/\",\"url\":\"https:\\\/\\\/www.oceanautic.es\\\/wp-content\\\/uploads\\\/2020\\\/03\\\/logo-footer.jpg\",\"contentUrl\":\"https:\\\/\\\/www.oceanautic.es\\\/wp-content\\\/uploads\\\/2020\\\/03\\\/logo-footer.jpg\",\"width\":162,\"height\":113,\"caption\":\"OceaNautic\"},\"image\":{\"@id\":\"https:\\\/\\\/www.oceanautic.es\\\/#\\\/schema\\\/logo\\\/image\\\/\"},\"sameAs\":[\"https:\\\/\\\/www.facebook.com\\\/oceanautic.club\",\"https:\\\/\\\/x.com\\\/oceanautic\",\"https:\\\/\\\/www.instagram.com\\\/oceanautic\\\/\"]}]}<\/script>\n<!-- \/ Yoast SEO plugin. -->","yoast_head_json":{"title":"Sailing Endorsement Practical Training on the Costa del Sol\ud83e\udd47| Oceanautic\u00ae\ufe0f","description":"Complete your Sailing Endorsement practical training on the Costa del Sol with Oceanautic \ud83e\udd47Visit now for more information \u2705 Requirements, privileges...","robots":{"index":"index","follow":"follow","max-snippet":"max-snippet:-1","max-image-preview":"max-image-preview:large","max-video-preview":"max-video-preview:-1"},"canonical":"https:\/\/www.oceanautic.es\/en\/producto\/sailing-endorsement-practical-training\/","og_locale":"en_US","og_type":"article","og_title":"Sailing Endorsement Practical Training on the Costa del Sol\ud83e\udd47| Oceanautic\u00ae\ufe0f","og_description":"Complete your Sailing Endorsement practical training on the Costa del Sol with Oceanautic \ud83e\udd47Visit now for more information \u2705 Requirements, privileges...","og_url":"https:\/\/www.oceanautic.es\/en\/producto\/sailing-endorsement-practical-training\/","og_site_name":"OceaNautic","article_publisher":"https:\/\/www.facebook.com\/oceanautic.club","og_image":[{"width":1600,"height":1066,"url":"https:\/\/www.oceanautic.es\/wp-content\/uploads\/2020\/04\/vela.jpeg","type":"image\/jpeg"}],"twitter_card":"summary_large_image","twitter_site":"@oceanautic","schema":{"@context":"https:\/\/schema.org","@graph":[{"@type":"WebPage","@id":"https:\/\/www.oceanautic.es\/en\/producto\/sailing-endorsement-practical-training\/","url":"https:\/\/www.oceanautic.es\/en\/producto\/sailing-endorsement-practical-training\/","name":"Sailing Endorsement Practical Training on the Costa del Sol\ud83e\udd47| Oceanautic\u00ae\ufe0f","isPartOf":{"@id":"https:\/\/www.oceanautic.es\/#website"},"primaryImageOfPage":{"@id":"https:\/\/www.oceanautic.es\/en\/producto\/sailing-endorsement-practical-training\/#primaryimage"},"image":{"@id":"https:\/\/www.oceanautic.es\/en\/producto\/sailing-endorsement-practical-training\/#primaryimage"},"thumbnailUrl":"https:\/\/www.oceanautic.es\/wp-content\/uploads\/2020\/04\/vela.jpeg","datePublished":"2020-04-14T18:19:35+00:00","description":"Complete your Sailing Endorsement practical training on the Costa del Sol with Oceanautic \ud83e\udd47Visit now for more information \u2705 Requirements, privileges...","breadcrumb":{"@id":"https:\/\/www.oceanautic.es\/en\/producto\/sailing-endorsement-practical-training\/#breadcrumb"},"inLanguage":"en-US","potentialAction":[{"@type":"ReadAction","target":["https:\/\/www.oceanautic.es\/en\/producto\/sailing-endorsement-practical-training\/"]}]},{"@type":"ImageObject","inLanguage":"en-US","@id":"https:\/\/www.oceanautic.es\/en\/producto\/sailing-endorsement-practical-training\/#primaryimage","url":"https:\/\/www.oceanautic.es\/wp-content\/uploads\/2020\/04\/vela.jpeg","contentUrl":"https:\/\/www.oceanautic.es\/wp-content\/uploads\/2020\/04\/vela.jpeg","width":1600,"height":1066,"caption":"Vela"},{"@type":"BreadcrumbList","@id":"https:\/\/www.oceanautic.es\/en\/producto\/sailing-endorsement-practical-training\/#breadcrumb","itemListElement":[{"@type":"ListItem","position":1,"name":"Portada","item":"https:\/\/www.oceanautic.es\/en\/home\/"},{"@type":"ListItem","position":2,"name":"Shop","item":"https:\/\/www.oceanautic.es\/en\/shop\/"},{"@type":"ListItem","position":3,"name":"Sailing Endorsement Practical Training"}]},{"@type":"WebSite","@id":"https:\/\/www.oceanautic.es\/#website","url":"https:\/\/www.oceanautic.es\/","name":"OceaNautic","description":"","publisher":{"@id":"https:\/\/www.oceanautic.es\/#organization"},"potentialAction":[{"@type":"SearchAction","target":{"@type":"EntryPoint","urlTemplate":"https:\/\/www.oceanautic.es\/?s={search_term_string}"},"query-input":{"@type":"PropertyValueSpecification","valueRequired":true,"valueName":"search_term_string"}}],"inLanguage":"en-US"},{"@type":"Organization","@id":"https:\/\/www.oceanautic.es\/#organization","name":"OceaNautic","url":"https:\/\/www.oceanautic.es\/","logo":{"@type":"ImageObject","inLanguage":"en-US","@id":"https:\/\/www.oceanautic.es\/#\/schema\/logo\/image\/","url":"https:\/\/www.oceanautic.es\/wp-content\/uploads\/2020\/03\/logo-footer.jpg","contentUrl":"https:\/\/www.oceanautic.es\/wp-content\/uploads\/2020\/03\/logo-footer.jpg","width":162,"height":113,"caption":"OceaNautic"},"image":{"@id":"https:\/\/www.oceanautic.es\/#\/schema\/logo\/image\/"},"sameAs":["https:\/\/www.facebook.com\/oceanautic.club","https:\/\/x.com\/oceanautic","https:\/\/www.instagram.com\/oceanautic\/"]}]}},"_links":{"self":[{"href":"https:\/\/www.oceanautic.es\/en\/wp-json\/wp\/v2\/product\/34015","targetHints":{"allow":["GET"]}}],"collection":[{"href":"https:\/\/www.oceanautic.es\/en\/wp-json\/wp\/v2\/product"}],"about":[{"href":"https:\/\/www.oceanautic.es\/en\/wp-json\/wp\/v2\/types\/product"}],"replies":[{"embeddable":true,"href":"https:\/\/www.oceanautic.es\/en\/wp-json\/wp\/v2\/comments?post=34015"}],"wp:featuredmedia":[{"embeddable":true,"href":"https:\/\/www.oceanautic.es\/en\/wp-json\/wp\/v2\/media\/496"}],"wp:attachment":[{"href":"https:\/\/www.oceanautic.es\/en\/wp-json\/wp\/v2\/media?parent=34015"}],"wp:term":[{"taxonomy":"product_brand","embeddable":true,"href":"https:\/\/www.oceanautic.es\/en\/wp-json\/wp\/v2\/product_brand?post=34015"},{"taxonomy":"product_cat","embeddable":true,"href":"https:\/\/www.oceanautic.es\/en\/wp-json\/wp\/v2\/product_cat?post=34015"},{"taxonomy":"product_tag","embeddable":true,"href":"https:\/\/www.oceanautic.es\/en\/wp-json\/wp\/v2\/product_tag?post=34015"}],"curies":[{"name":"wp","href":"https:\/\/api.w.org\/{rel}","templated":true}]}}