{"id":33993,"date":"2020-04-14T18:19:35","date_gmt":"2020-04-14T18:19:35","guid":{"rendered":"https:\/\/www.oceanautic.es\/producto\/pnb-course\/"},"modified":"2020-04-14T18:19:35","modified_gmt":"2020-04-14T18:19:35","slug":"pnb-course","status":"publish","type":"product","link":"https:\/\/www.oceanautic.es\/en\/producto\/pnb-course\/","title":{"rendered":"PNB Course"},"content":{"rendered":"<p><em><strong>Authorisations:<\/strong><\/em><\/p>\n<ul>\n<li>The Basic Navigation Skipper (PNB) certificate authorises you to skipper recreational craft up to <strong>8 m<\/strong> in length and for coastal navigation up to a maximum distance from the coast of <strong>5 nautical miles<\/strong>. This nautical qualification allows for<strong> daytime and night-time navigation<\/strong>. In addition, if you hold the <strong>Basic Navigation Skipper<\/strong> certificate, you may operate any type of <strong>jet ski<\/strong>.  <\/li>\n<\/ul>\n<hr>\n<p><em><strong>Requirements to obtain the P.N.B.:<\/strong><\/em><br \/>\nTo obtain this nautical qualification, no prior qualification is required. You must be over 18 and pass a medical examination. If you are 16 and have parental authorisation, you may sit the exam. To be issued the certificate, you must meet the following requirements:   <\/p>\n<ul>\n<li><strong>Pass the corresponding theory exam.<\/strong><\/li>\n<li><strong>Complete 8 hours of basic safety and navigation practical training.<\/strong><\/li>\n<li><strong>Complete a 4-hour practical radio communications course.<\/strong><\/li>\n<\/ul>\n<hr>\n<p><em><strong>Online Course includes: <\/strong><\/em><\/p>\n<ul>\n<li>Management of exam registration with the administration.<\/li>\n<li>The most advanced training platform in Recreational Boating, created by nautical professionals, with comprehensive and high-quality educational content to effectively tackle the PNB exam. With this Online platform, you will study independently at your convenience, without travel, and with the best learning tools for each subject: animations, graphics, videos, exams, and even a &#8220;virtual skipper&#8221; who will guide you through the online course. <\/li>\n<li>Safety and Navigation practical training 8 h.<\/li>\n<li>Radio communications practical training 4 h.<\/li>\n<\/ul>\n<p style=\"text-align: center;\"><strong style=\"text-align: center;\"><a href=\"https:\/\/www.campusnautico.com\/oceanautic\">ONLINE PLATFORM DEMO<\/a><\/strong><\/p>\n<hr>\n<p><em><strong>In-Person Course includes:<\/strong><\/em><\/p>\n<ul>\n<li>Management of exam registration with the administration.<\/li>\n<li>Materials and &#8220;welcome pack&#8221;<\/li>\n<li>In-person training approx. 20 h.<\/li>\n<li>Safety and Navigation practical training 8 h.<\/li>\n<li>Radio communications practical training 4 h.<\/li>\n<\/ul>\n<hr>\n<p><em><strong>Optional:<\/strong><\/em><\/p>\n<ul>\n<li><strong>Sailing Endorsement. <\/strong>16 hours of practical training, and authorises you to sail on sailing boats. It is taken only once and is valid for subsequent courses (PER, PY and CY).<\/li>\n<\/ul>\n<hr>\n<p><strong>Students who sit the exam to obtain the PER and do not pass, but have passed the subjects common with the PNB, will be granted a pass for the PNB.<\/strong><\/p>\n<hr>\n<p><strong>Start date<\/strong><\/p>\n<p>Access to the preliminary material for the next course is now open; further information will be provided once the calendar for the upcoming exam sessions is known.<\/p>\n<p><a href=\"https:\/\/www.oceanautic.es\/en\/contact\/\"><strong>MORE INFORMATION<\/strong><\/a><\/p>\n<p><!-- FareHarbor item grid of flow #854904 --><br \/>\n<script src=\"https:\/\/fareharbor.com\/embeds\/script\/items\/oceanautic\/?full-items=yes&amp;fallback=simple&amp;flow=854904\"><\/script><\/p>\n","protected":false},"excerpt":{"rendered":"<p><strong>Basic Navigation Skipper<\/strong><br \/>\nBoats up to 8 m in length<br \/>\nMaximum navigation 5 nautical miles from the coast<br \/>\nDaytime and night-time navigation<br \/>\nAll types of jet skis<\/p>\n<p><strong>OPTIONAL<\/strong><\/p>\n<p>Sailing Endorsement<\/p>\n<p><strong>Complete Pack \u20ac390<\/strong><br \/>\nIncludes: <strong>Theory + Mandatory Practical Training<\/strong><\/p>\n<div><!-- Fareharbor button --><br \/>\n<a class=\"fh-icon--calendar-check fh-button-true-flat-red fh-font--inherit\" href=\"https:\/\/fareharbor.com\/embeds\/book\/oceanautic\/?full-items=yes&amp;flow=854904\">Online Booking<\/a><\/div>\n","protected":false},"featured_media":3941,"comment_status":"open","ping_status":"closed","template":"","meta":[],"product_brand":[],"product_cat":[92],"product_tag":[],"class_list":{"0":"post-33993","1":"product","2":"type-product","3":"status-publish","4":"has-post-thumbnail","6":"product_cat-oceanautic-nautical-school","8":"first","9":"instock","10":"sale","11":"taxable","12":"shipping-taxable","13":"purchasable","14":"product-type-variable"},"yoast_head":"<!-- This site is optimized with the Yoast SEO plugin v27.5 - https:\/\/yoast.com\/product\/yoast-seo-wordpress\/ -->\n<title>PNB Course in M\u00e1laga, Online or In Person\ud83e\udd47 | OceaNautic\u00ae\ufe0f<\/title>\n<meta name=\"description\" content=\"Get your PNB course in M\u00e1laga with OceaNautic\ud83e\udd47 Click in now for more information \u2705 PNB theory, practical training, prices... and much more!\" \/>\n<meta name=\"robots\" content=\"index, follow, max-snippet:-1, max-image-preview:large, max-video-preview:-1\" \/>\n<link rel=\"canonical\" href=\"https:\/\/www.oceanautic.es\/en\/producto\/pnb-course\/\" \/>\n<meta property=\"og:locale\" content=\"en_US\" \/>\n<meta property=\"og:type\" content=\"article\" \/>\n<meta property=\"og:title\" content=\"PNB Course in M\u00e1laga, Online or In Person\ud83e\udd47 | OceaNautic\u00ae\ufe0f\" \/>\n<meta property=\"og:description\" content=\"Get your PNB course in M\u00e1laga with OceaNautic\ud83e\udd47 Click in now for more information \u2705 PNB theory, practical training, prices... and much more!\" \/>\n<meta property=\"og:url\" content=\"https:\/\/www.oceanautic.es\/en\/producto\/pnb-course\/\" \/>\n<meta property=\"og:site_name\" content=\"OceaNautic\" \/>\n<meta property=\"article:publisher\" content=\"https:\/\/www.facebook.com\/oceanautic.club\" \/>\n<meta property=\"og:image\" content=\"https:\/\/www.oceanautic.es\/wp-content\/uploads\/2020\/04\/2-20180911-cannes-dsc08447-v2-gallery-picture.jpg\" \/>\n\t<meta property=\"og:image:width\" content=\"800\" \/>\n\t<meta property=\"og:image:height\" content=\"517\" \/>\n\t<meta property=\"og:image:type\" content=\"image\/jpeg\" \/>\n<meta name=\"twitter:card\" content=\"summary_large_image\" \/>\n<meta name=\"twitter:site\" content=\"@oceanautic\" \/>\n<meta name=\"twitter:label1\" content=\"Est. reading time\" \/>\n\t<meta name=\"twitter:data1\" content=\"2 minutes\" \/>\n<script type=\"application\/ld+json\" class=\"yoast-schema-graph\">{\"@context\":\"https:\\\/\\\/schema.org\",\"@graph\":[{\"@type\":\"WebPage\",\"@id\":\"https:\\\/\\\/www.oceanautic.es\\\/en\\\/producto\\\/pnb-course\\\/\",\"url\":\"https:\\\/\\\/www.oceanautic.es\\\/en\\\/producto\\\/pnb-course\\\/\",\"name\":\"PNB Course in M\u00e1laga, Online or In Person\ud83e\udd47 | OceaNautic\u00ae\ufe0f\",\"isPartOf\":{\"@id\":\"https:\\\/\\\/www.oceanautic.es\\\/#website\"},\"primaryImageOfPage\":{\"@id\":\"https:\\\/\\\/www.oceanautic.es\\\/en\\\/producto\\\/pnb-course\\\/#primaryimage\"},\"image\":{\"@id\":\"https:\\\/\\\/www.oceanautic.es\\\/en\\\/producto\\\/pnb-course\\\/#primaryimage\"},\"thumbnailUrl\":\"https:\\\/\\\/www.oceanautic.es\\\/wp-content\\\/uploads\\\/2020\\\/04\\\/2-20180911-cannes-dsc08447-v2-gallery-picture.jpg\",\"datePublished\":\"2020-04-14T18:19:35+00:00\",\"description\":\"Get your PNB course in M\u00e1laga with OceaNautic\ud83e\udd47 Click in now for more information \u2705 PNB theory, practical training, prices... and much more!\",\"breadcrumb\":{\"@id\":\"https:\\\/\\\/www.oceanautic.es\\\/en\\\/producto\\\/pnb-course\\\/#breadcrumb\"},\"inLanguage\":\"en-US\",\"potentialAction\":[{\"@type\":\"ReadAction\",\"target\":[\"https:\\\/\\\/www.oceanautic.es\\\/en\\\/producto\\\/pnb-course\\\/\"]}]},{\"@type\":\"ImageObject\",\"inLanguage\":\"en-US\",\"@id\":\"https:\\\/\\\/www.oceanautic.es\\\/en\\\/producto\\\/pnb-course\\\/#primaryimage\",\"url\":\"https:\\\/\\\/www.oceanautic.es\\\/wp-content\\\/uploads\\\/2020\\\/04\\\/2-20180911-cannes-dsc08447-v2-gallery-picture.jpg\",\"contentUrl\":\"https:\\\/\\\/www.oceanautic.es\\\/wp-content\\\/uploads\\\/2020\\\/04\\\/2-20180911-cannes-dsc08447-v2-gallery-picture.jpg\",\"width\":800,\"height\":517,\"caption\":\"patr\u00f3n navegaci\u00f3n b\u00e1sica\"},{\"@type\":\"BreadcrumbList\",\"@id\":\"https:\\\/\\\/www.oceanautic.es\\\/en\\\/producto\\\/pnb-course\\\/#breadcrumb\",\"itemListElement\":[{\"@type\":\"ListItem\",\"position\":1,\"name\":\"Portada\",\"item\":\"https:\\\/\\\/www.oceanautic.es\\\/en\\\/home\\\/\"},{\"@type\":\"ListItem\",\"position\":2,\"name\":\"Shop\",\"item\":\"https:\\\/\\\/www.oceanautic.es\\\/en\\\/shop\\\/\"},{\"@type\":\"ListItem\",\"position\":3,\"name\":\"PNB Course\"}]},{\"@type\":\"WebSite\",\"@id\":\"https:\\\/\\\/www.oceanautic.es\\\/#website\",\"url\":\"https:\\\/\\\/www.oceanautic.es\\\/\",\"name\":\"OceaNautic\",\"description\":\"\",\"publisher\":{\"@id\":\"https:\\\/\\\/www.oceanautic.es\\\/#organization\"},\"potentialAction\":[{\"@type\":\"SearchAction\",\"target\":{\"@type\":\"EntryPoint\",\"urlTemplate\":\"https:\\\/\\\/www.oceanautic.es\\\/?s={search_term_string}\"},\"query-input\":{\"@type\":\"PropertyValueSpecification\",\"valueRequired\":true,\"valueName\":\"search_term_string\"}}],\"inLanguage\":\"en-US\"},{\"@type\":\"Organization\",\"@id\":\"https:\\\/\\\/www.oceanautic.es\\\/#organization\",\"name\":\"OceaNautic\",\"url\":\"https:\\\/\\\/www.oceanautic.es\\\/\",\"logo\":{\"@type\":\"ImageObject\",\"inLanguage\":\"en-US\",\"@id\":\"https:\\\/\\\/www.oceanautic.es\\\/#\\\/schema\\\/logo\\\/image\\\/\",\"url\":\"https:\\\/\\\/www.oceanautic.es\\\/wp-content\\\/uploads\\\/2020\\\/03\\\/logo-footer.jpg\",\"contentUrl\":\"https:\\\/\\\/www.oceanautic.es\\\/wp-content\\\/uploads\\\/2020\\\/03\\\/logo-footer.jpg\",\"width\":162,\"height\":113,\"caption\":\"OceaNautic\"},\"image\":{\"@id\":\"https:\\\/\\\/www.oceanautic.es\\\/#\\\/schema\\\/logo\\\/image\\\/\"},\"sameAs\":[\"https:\\\/\\\/www.facebook.com\\\/oceanautic.club\",\"https:\\\/\\\/x.com\\\/oceanautic\",\"https:\\\/\\\/www.instagram.com\\\/oceanautic\\\/\"]}]}<\/script>\n<!-- \/ Yoast SEO plugin. -->","yoast_head_json":{"title":"PNB Course in M\u00e1laga, Online or In Person\ud83e\udd47 | OceaNautic\u00ae\ufe0f","description":"Get your PNB course in M\u00e1laga with OceaNautic\ud83e\udd47 Click in now for more information \u2705 PNB theory, practical training, prices... and much more!","robots":{"index":"index","follow":"follow","max-snippet":"max-snippet:-1","max-image-preview":"max-image-preview:large","max-video-preview":"max-video-preview:-1"},"canonical":"https:\/\/www.oceanautic.es\/en\/producto\/pnb-course\/","og_locale":"en_US","og_type":"article","og_title":"PNB Course in M\u00e1laga, Online or In Person\ud83e\udd47 | OceaNautic\u00ae\ufe0f","og_description":"Get your PNB course in M\u00e1laga with OceaNautic\ud83e\udd47 Click in now for more information \u2705 PNB theory, practical training, prices... and much more!","og_url":"https:\/\/www.oceanautic.es\/en\/producto\/pnb-course\/","og_site_name":"OceaNautic","article_publisher":"https:\/\/www.facebook.com\/oceanautic.club","og_image":[{"width":800,"height":517,"url":"https:\/\/www.oceanautic.es\/wp-content\/uploads\/2020\/04\/2-20180911-cannes-dsc08447-v2-gallery-picture.jpg","type":"image\/jpeg"}],"twitter_card":"summary_large_image","twitter_site":"@oceanautic","twitter_misc":{"Est. reading time":"2 minutes"},"schema":{"@context":"https:\/\/schema.org","@graph":[{"@type":"WebPage","@id":"https:\/\/www.oceanautic.es\/en\/producto\/pnb-course\/","url":"https:\/\/www.oceanautic.es\/en\/producto\/pnb-course\/","name":"PNB Course in M\u00e1laga, Online or In Person\ud83e\udd47 | OceaNautic\u00ae\ufe0f","isPartOf":{"@id":"https:\/\/www.oceanautic.es\/#website"},"primaryImageOfPage":{"@id":"https:\/\/www.oceanautic.es\/en\/producto\/pnb-course\/#primaryimage"},"image":{"@id":"https:\/\/www.oceanautic.es\/en\/producto\/pnb-course\/#primaryimage"},"thumbnailUrl":"https:\/\/www.oceanautic.es\/wp-content\/uploads\/2020\/04\/2-20180911-cannes-dsc08447-v2-gallery-picture.jpg","datePublished":"2020-04-14T18:19:35+00:00","description":"Get your PNB course in M\u00e1laga with OceaNautic\ud83e\udd47 Click in now for more information \u2705 PNB theory, practical training, prices... and much more!","breadcrumb":{"@id":"https:\/\/www.oceanautic.es\/en\/producto\/pnb-course\/#breadcrumb"},"inLanguage":"en-US","potentialAction":[{"@type":"ReadAction","target":["https:\/\/www.oceanautic.es\/en\/producto\/pnb-course\/"]}]},{"@type":"ImageObject","inLanguage":"en-US","@id":"https:\/\/www.oceanautic.es\/en\/producto\/pnb-course\/#primaryimage","url":"https:\/\/www.oceanautic.es\/wp-content\/uploads\/2020\/04\/2-20180911-cannes-dsc08447-v2-gallery-picture.jpg","contentUrl":"https:\/\/www.oceanautic.es\/wp-content\/uploads\/2020\/04\/2-20180911-cannes-dsc08447-v2-gallery-picture.jpg","width":800,"height":517,"caption":"patr\u00f3n navegaci\u00f3n b\u00e1sica"},{"@type":"BreadcrumbList","@id":"https:\/\/www.oceanautic.es\/en\/producto\/pnb-course\/#breadcrumb","itemListElement":[{"@type":"ListItem","position":1,"name":"Portada","item":"https:\/\/www.oceanautic.es\/en\/home\/"},{"@type":"ListItem","position":2,"name":"Shop","item":"https:\/\/www.oceanautic.es\/en\/shop\/"},{"@type":"ListItem","position":3,"name":"PNB Course"}]},{"@type":"WebSite","@id":"https:\/\/www.oceanautic.es\/#website","url":"https:\/\/www.oceanautic.es\/","name":"OceaNautic","description":"","publisher":{"@id":"https:\/\/www.oceanautic.es\/#organization"},"potentialAction":[{"@type":"SearchAction","target":{"@type":"EntryPoint","urlTemplate":"https:\/\/www.oceanautic.es\/?s={search_term_string}"},"query-input":{"@type":"PropertyValueSpecification","valueRequired":true,"valueName":"search_term_string"}}],"inLanguage":"en-US"},{"@type":"Organization","@id":"https:\/\/www.oceanautic.es\/#organization","name":"OceaNautic","url":"https:\/\/www.oceanautic.es\/","logo":{"@type":"ImageObject","inLanguage":"en-US","@id":"https:\/\/www.oceanautic.es\/#\/schema\/logo\/image\/","url":"https:\/\/www.oceanautic.es\/wp-content\/uploads\/2020\/03\/logo-footer.jpg","contentUrl":"https:\/\/www.oceanautic.es\/wp-content\/uploads\/2020\/03\/logo-footer.jpg","width":162,"height":113,"caption":"OceaNautic"},"image":{"@id":"https:\/\/www.oceanautic.es\/#\/schema\/logo\/image\/"},"sameAs":["https:\/\/www.facebook.com\/oceanautic.club","https:\/\/x.com\/oceanautic","https:\/\/www.instagram.com\/oceanautic\/"]}]}},"_links":{"self":[{"href":"https:\/\/www.oceanautic.es\/en\/wp-json\/wp\/v2\/product\/33993","targetHints":{"allow":["GET"]}}],"collection":[{"href":"https:\/\/www.oceanautic.es\/en\/wp-json\/wp\/v2\/product"}],"about":[{"href":"https:\/\/www.oceanautic.es\/en\/wp-json\/wp\/v2\/types\/product"}],"replies":[{"embeddable":true,"href":"https:\/\/www.oceanautic.es\/en\/wp-json\/wp\/v2\/comments?post=33993"}],"wp:featuredmedia":[{"embeddable":true,"href":"https:\/\/www.oceanautic.es\/en\/wp-json\/wp\/v2\/media\/3941"}],"wp:attachment":[{"href":"https:\/\/www.oceanautic.es\/en\/wp-json\/wp\/v2\/media?parent=33993"}],"wp:term":[{"taxonomy":"product_brand","embeddable":true,"href":"https:\/\/www.oceanautic.es\/en\/wp-json\/wp\/v2\/product_brand?post=33993"},{"taxonomy":"product_cat","embeddable":true,"href":"https:\/\/www.oceanautic.es\/en\/wp-json\/wp\/v2\/product_cat?post=33993"},{"taxonomy":"product_tag","embeddable":true,"href":"https:\/\/www.oceanautic.es\/en\/wp-json\/wp\/v2\/product_tag?post=33993"}],"curies":[{"name":"wp","href":"https:\/\/api.w.org\/{rel}","templated":true}]}}