{"id":33665,"date":"2020-04-16T13:43:41","date_gmt":"2020-04-16T13:43:41","guid":{"rendered":"https:\/\/www.oceanautic.es\/recreational-boating-practical-training\/"},"modified":"2026-04-28T06:29:41","modified_gmt":"2026-04-28T06:29:41","slug":"recreational-boating-practical-training","status":"publish","type":"page","link":"https:\/\/www.oceanautic.es\/en\/recreational-boating-practical-training\/","title":{"rendered":"Recreational Boating Practical Training"},"content":{"rendered":"<section class=\"l-section wpb_row us_custom_d0298ebb height_huge with_shape\"><div class=\"l-section-shape type_wave pos_bottom\" style=\"height:10vh;\"><svg xmlns=\"http:\/\/www.w3.org\/2000\/svg\" viewBox=\"0 4 64 4\" preserveAspectRatio=\"none\" width=\"100%\" height=\"100%\">\r\n\t<path fill=\"currentColor\" d=\"M64 6 C32 0 32 12 0 6 L0 8 L64 8 Z\"\/>\r\n<\/svg><\/div><div class=\"l-section-h i-cf\"><div class=\"g-cols vc_row via_flex valign_top type_default stacking_default\"><div class=\"vc_col-sm-12 wpb_column vc_column_container\"><div class=\"vc_column-inner\"><div class=\"wpb_wrapper\">[vc_custom_heading text=&#8221;Recreational Boating Practical Training&#8221; font_container=&#8221;tag:h1|text_align:left&#8221; use_theme_fonts=&#8221;yes&#8221; css=&#8221;%7B%22default%22%3A%7B%22color%22%3A%22%23ffffff%22%7D%7D&#8221;]<\/div><\/div><\/div><\/div><\/div><\/section><section class=\"l-section wpb_row height_medium\"><div class=\"l-section-h i-cf\"><div class=\"g-cols vc_row via_flex valign_middle type_default stacking_default\"><div class=\"vc_col-sm-12 wpb_column vc_column_container\"><div class=\"vc_column-inner\"><div class=\"wpb_wrapper\">[vc_custom_heading text=&#8221;Complete your Recreational Boating Practical Training with Oceanautic&#8221; font_container=&#8221;tag:h2|text_align:center&#8221; use_theme_fonts=&#8221;yes&#8221; css=&#8221;%7B%22default%22%3A%7B%22margin-bottom%22%3A%222rem%22%7D%7D&#8221;][vc_custom_heading text=&#8221;PNB Practical Training&#8221; font_container=&#8221;tag:h2|text_align:center&#8221; use_theme_fonts=&#8221;yes&#8221; css=&#8221;%7B%22default%22%3A%7B%22margin-bottom%22%3A%222rem%22%7D%7D&#8221; link=&#8221;url:https%3A%2F%2Fwww.oceanautic.es%2Fproducto%2Fpnb%2F|&#8221;]<div class=\"g-cols wpb_row via_flex valign_top type_default stacking_default\"><div class=\"vc_col-sm-6 wpb_column vc_column_container\"><div class=\"vc_column-inner us_custom_13070f23\"><div class=\"wpb_wrapper\"><div class=\"w-image us_custom_81135851 style_circle align_center\"><div class=\"w-image-h\"><img decoding=\"async\" width=\"600\" height=\"400\" src=\"https:\/\/www.oceanautic.es\/wp-content\/uploads\/2021\/04\/WhatsApp-Image-2022-10-16-at-4.43.52-PM-2-600x400.jpeg\" class=\"attachment-us_600_400_crop size-us_600_400_crop\" alt=\"\" loading=\"lazy\" \/><\/div><\/div><div class=\"wpb_text_column us_custom_751fd8af licenses-text\"><div class=\"wpb_wrapper\"><h3 class=\"et_pb_module_header\">PNB \/ Safety and Navigation<\/h3>\n<div class=\"et_pb_blurb_description\">\n<p style=\"font-weight: 400;\">The mandatory PNB Safety and Navigation practical training lasts <strong>8 hours<\/strong>.<\/p>\n<p style=\"font-weight: 400;\">It is completed in <strong>two 4-hour sessions<\/strong>, usually over a weekend. <strong>We recommend <\/strong>doing it before the exam, as we will review theoretical content.<\/p>\n<\/div>\n<\/div><\/div><div class=\"w-btn-wrapper align_center\"><a class=\"w-btn us-btn-style_3 btn-reservar-vela\" href=\"https:\/\/www.oceanautic.es\/producto\/pnb\/\"><span class=\"w-btn-label\">Book<\/span><\/a><\/div><\/div><\/div><\/div><div class=\"vc_col-sm-6 wpb_column vc_column_container\"><div class=\"vc_column-inner us_custom_13070f23\"><div class=\"wpb_wrapper\"><div class=\"w-image us_custom_81135851 style_circle align_center\"><div class=\"w-image-h\"><img decoding=\"async\" width=\"600\" height=\"400\" src=\"https:\/\/www.oceanautic.es\/wp-content\/uploads\/2024\/12\/469040455_1118260393639626_189535877470606489_n-600x400.jpg\" class=\"attachment-us_600_400_crop size-us_600_400_crop\" alt=\"\" loading=\"lazy\" srcset=\"https:\/\/www.oceanautic.es\/wp-content\/uploads\/2024\/12\/469040455_1118260393639626_189535877470606489_n-600x400.jpg 600w, https:\/\/www.oceanautic.es\/wp-content\/uploads\/2024\/12\/469040455_1118260393639626_189535877470606489_n-18x12.jpg 18w\" sizes=\"auto, (max-width: 600px) 100vw, 600px\" \/><\/div><\/div><div class=\"wpb_text_column us_custom_751fd8af licenses-text\"><div class=\"wpb_wrapper\"><h3 class=\"et_pb_module_header\">PNB Radiocommunications Practical Training<\/h3>\n<div class=\"et_pb_blurb_description\">\n<p>The <strong>Radiocommunications course<\/strong> is required to obtain the PNB qualification. This course consists of <strong>4 hours<\/strong> of radiocommunications, including 2 hours of theory and 2 hours of practical training delivered using radio simulators. <\/p>\n<\/div>\n<\/div><\/div><div class=\"w-btn-wrapper align_center\"><a class=\"w-btn us-btn-style_3 btn-inscribirme-radio\" href=\"https:\/\/www.oceanautic.es\/producto\/pnb\/\"><span class=\"w-btn-label\">Book<\/span><\/a><\/div><\/div><\/div><\/div><\/div>[vc_custom_heading text=&#8221;PER Practical Training&#8221; font_container=&#8221;tag:h2|text_align:center&#8221; use_theme_fonts=&#8221;yes&#8221; css=&#8221;%7B%22default%22%3A%7B%22margin-bottom%22%3A%222rem%22%7D%7D&#8221; link=&#8221;url:https%3A%2F%2Fwww.oceanautic.es%2Fproducto%2Fper%2F|&#8221;]<div class=\"g-cols wpb_row via_flex valign_top type_default stacking_default\"><div class=\"vc_col-sm-6 wpb_column vc_column_container\"><div class=\"vc_column-inner us_custom_13070f23\"><div class=\"wpb_wrapper\"><div class=\"w-image us_custom_81135851 style_circle align_center\"><div class=\"w-image-h\"><img decoding=\"async\" width=\"600\" height=\"400\" src=\"https:\/\/www.oceanautic.es\/wp-content\/uploads\/2020\/10\/1-1-600x400.png\" class=\"attachment-us_600_400_crop size-us_600_400_crop\" alt=\"\" loading=\"lazy\" \/><\/div><\/div><div class=\"wpb_text_column us_custom_751fd8af licenses-text\"><div class=\"wpb_wrapper\"><h3 style=\"font-weight: 400;\"><strong>PER \/ Safety and Navigation Practical Training<\/strong><\/h3>\n<p style=\"font-weight: 400;\">The mandatory PER Safety and Navigation practical training lasts <strong>16 hours<\/strong>.<\/p>\n<p style=\"font-weight: 400;\">It is completed in <strong>two 8-hour sessions<\/strong>, usually over a weekend. <strong>We recommend <\/strong>doing it before the exam because we will review theoretical content.<\/p>\n<p style=\"font-weight: 400;\"><em>It costs \u20ac200. If you book it together with the PER radio practical training, the full package is priced at \u20ac350.<\/em><\/p>\n<\/div><\/div><div class=\"w-btn-wrapper align_center\"><a class=\"w-btn us-btn-style_3 btn-inscribirme-vela\" title=\"Sign up\" href=\"https:\/\/www.oceanautic.es\/producto\/per\/\"><span class=\"w-btn-label\">Book<\/span><\/a><\/div><\/div><\/div><\/div><div class=\"vc_col-sm-6 wpb_column vc_column_container\"><div class=\"vc_column-inner us_custom_13070f23\"><div class=\"wpb_wrapper\"><div class=\"w-image us_custom_81135851 style_circle align_center\"><div class=\"w-image-h\"><img decoding=\"async\" width=\"600\" height=\"400\" src=\"https:\/\/www.oceanautic.es\/wp-content\/uploads\/2024\/12\/469040455_1118260393639626_189535877470606489_n-600x400.jpg\" class=\"attachment-us_600_400_crop size-us_600_400_crop\" alt=\"\" loading=\"lazy\" srcset=\"https:\/\/www.oceanautic.es\/wp-content\/uploads\/2024\/12\/469040455_1118260393639626_189535877470606489_n-600x400.jpg 600w, https:\/\/www.oceanautic.es\/wp-content\/uploads\/2024\/12\/469040455_1118260393639626_189535877470606489_n-18x12.jpg 18w\" sizes=\"auto, (max-width: 600px) 100vw, 600px\" \/><\/div><\/div><div class=\"wpb_text_column us_custom_751fd8af licenses-text\"><div class=\"wpb_wrapper\"><h3 class=\"et_pb_module_header\">Radio Practical Training \u2013 Short Range Operator<\/h3>\n<div class=\"et_pb_blurb_description\">\n<p>The <strong>Radio \u2013 Short Range Operator (SRO)<\/strong> course is required to obtain the PER qualification.<\/p>\n<p>This course consists of <strong>12 hours<\/strong> of radiocommunications, including 4 hours of theory and 8 hours of practical training delivered using radio simulators.<\/p>\n<\/div>\n<\/div><\/div><div class=\"w-btn-wrapper align_center\"><a class=\"w-btn us-btn-style_3 btn-inscribirme-radio\" title=\"Sign up\" href=\"https:\/\/www.oceanautic.es\/producto\/per-radio\/\"><span class=\"w-btn-label\">Book<\/span><\/a><\/div><\/div><\/div><\/div><\/div>[vc_custom_heading text=&#8221;Additional Practical Training&#8221; font_container=&#8221;tag:h2|text_align:center&#8221; use_theme_fonts=&#8221;yes&#8221; css=&#8221;%7B%22default%22%3A%7B%22margin-bottom%22%3A%222rem%22%7D%7D&#8221; link=&#8221;|||&#8221;]<div class=\"g-cols wpb_row via_flex valign_top type_default stacking_default\"><div class=\"vc_col-sm-6 wpb_column vc_column_container\"><div class=\"vc_column-inner us_custom_13070f23\"><div class=\"wpb_wrapper\"><div class=\"w-image us_custom_81135851 style_circle align_center\"><div class=\"w-image-h\"><img decoding=\"async\" width=\"600\" height=\"400\" src=\"https:\/\/www.oceanautic.es\/wp-content\/uploads\/2020\/04\/vela.jpeg\" class=\"attachment-us_600_400_crop size-us_600_400_crop\" alt=\"Sailing\" loading=\"lazy\" srcset=\"https:\/\/www.oceanautic.es\/wp-content\/uploads\/2020\/04\/vela.jpeg 1600w, https:\/\/www.oceanautic.es\/wp-content\/uploads\/2020\/04\/vela-300x200.jpeg 300w, https:\/\/www.oceanautic.es\/wp-content\/uploads\/2020\/04\/vela-1024x682.jpeg 1024w, https:\/\/www.oceanautic.es\/wp-content\/uploads\/2020\/04\/vela-1536x1023.jpeg 1536w, https:\/\/www.oceanautic.es\/wp-content\/uploads\/2020\/04\/vela-600x400.jpeg 600w\" sizes=\"auto, (max-width: 600px) 100vw, 600px\" \/><\/div><\/div><div class=\"wpb_text_column us_custom_751fd8af licenses-text\"><div class=\"wpb_wrapper\"><h3 class=\"et_pb_module_header\">Sailing Endorsement<\/h3>\n<div class=\"et_pb_blurb_description\">\n<p>To obtain the <strong>Sailing endorsement<\/strong>, you must complete the Sailing practical training, which lasts <strong>16 hours<\/strong>. It is usually completed over a full weekend. It is valid for: <strong>PNB, PER, Yacht Skipper and Yacht Captain.<\/strong>  <\/p>\n<\/div>\n<\/div><\/div><div class=\"w-btn-wrapper align_center\"><a class=\"w-btn us-btn-style_3 btn-inscribirme-py\" title=\"Sign up\" href=\"https:\/\/www.oceanautic.es\/producto\/vela\/\"><span class=\"w-btn-label\">Book<\/span><\/a><\/div><\/div><\/div><\/div><div class=\"vc_col-sm-6 wpb_column vc_column_container\"><div class=\"vc_column-inner us_custom_13070f23\"><div class=\"wpb_wrapper\"><div class=\"w-image us_custom_81135851 style_circle align_center\"><div class=\"w-image-h\"><img decoding=\"async\" width=\"600\" height=\"400\" src=\"https:\/\/www.oceanautic.es\/wp-content\/uploads\/2024\/12\/1862-excess1100051-600x400.jpg\" class=\"attachment-us_600_400_crop size-us_600_400_crop\" alt=\"2025 Nautical License Exams\" loading=\"lazy\" srcset=\"https:\/\/www.oceanautic.es\/wp-content\/uploads\/2024\/12\/1862-excess1100051-600x400.jpg 600w, https:\/\/www.oceanautic.es\/wp-content\/uploads\/2024\/12\/1862-excess1100051-300x200.jpg 300w, https:\/\/www.oceanautic.es\/wp-content\/uploads\/2024\/12\/1862-excess1100051-1024x683.jpg 1024w, https:\/\/www.oceanautic.es\/wp-content\/uploads\/2024\/12\/1862-excess1100051-1536x1024.jpg 1536w, https:\/\/www.oceanautic.es\/wp-content\/uploads\/2024\/12\/1862-excess1100051-2048x1366.jpg 2048w, https:\/\/www.oceanautic.es\/wp-content\/uploads\/2024\/12\/1862-excess1100051-18x12.jpg 18w\" sizes=\"auto, (max-width: 600px) 100vw, 600px\" \/><\/div><\/div><div class=\"wpb_text_column us_custom_751fd8af licenses-text\"><div class=\"wpb_wrapper\"><h3 class=\"et_pb_module_header\">Extension to 24 m length and navigation between the mainland and the Balearic Islands<\/h3>\n<div class=\"et_pb_blurb_description\">\n<p>Complete this <strong>additional PER practical training<\/strong> and you will be able to skipper vessels up to 24 metres in length and navigate between the mainland and the Balearic Islands, with just <strong>24 hours of navigation practical training.<\/strong><\/p>\n<\/div>\n<\/div><\/div><div class=\"w-btn-wrapper align_center\"><a class=\"w-btn us-btn-style_3 btn-inscribirme-ampliacion\" title=\"Sign up\" href=\"https:\/\/www.oceanautic.es\/producto\/ampliacion-per\/\"><span class=\"w-btn-label\">Book<\/span><\/a><\/div><\/div><\/div><\/div><\/div>[vc_custom_heading text=&#8221;Yacht Skipper and Yacht Captain Practical Training&#8221; font_container=&#8221;tag:h2|text_align:center&#8221; use_theme_fonts=&#8221;yes&#8221; css=&#8221;%7B%22default%22%3A%7B%22margin-bottom%22%3A%222rem%22%7D%7D&#8221; link=&#8221;|||&#8221;]<div class=\"g-cols wpb_row via_flex valign_top type_default stacking_default\"><div class=\"vc_col-sm-6 wpb_column vc_column_container\"><div class=\"vc_column-inner us_custom_13070f23\"><div class=\"wpb_wrapper\"><div class=\"wpb_text_column us_custom_751fd8af licenses-text\"><div class=\"wpb_wrapper\"><p style=\"font-weight: 400;\"><strong>Mandatory<\/strong> safety and navigation practical training, <strong>48 hours of navigation<\/strong> during which, \u2018in situ\u2019, much of the knowledge gained in the theoretical classes is put into practice, as well as the use of electronic instruments and standing navigation watches.<\/p>\n<p style=\"font-weight: 400;\">These practical sessions will take place <strong>on board a Lagoon 38 catamaran<\/strong>, 11.55 m in length and with 4 cabins, making the experience even more comfortable. Night navigation will be carried out, watch shifts will be organised, and the content of the Yacht Skipper or Yacht Captain course will be reviewed.<\/p>\n<p style=\"font-weight: 400;\">The price of the 48-hour navigation practical training is \u20ac480.<\/p>\n<\/div><\/div><div class=\"w-btn-wrapper align_center\"><a class=\"w-btn us-btn-style_3 btn-inscribirme-py\" title=\"Sign up\" href=\"https:\/\/www.oceanautic.es\/producto\/patron-de-yate\/\"><span class=\"w-btn-label\">Book<\/span><\/a><\/div><\/div><\/div><\/div><div class=\"vc_col-sm-6 wpb_column vc_column_container\"><div class=\"vc_column-inner us_custom_13070f23\"><div class=\"wpb_wrapper\"><div class=\"w-image us_custom_81135851 style_circle align_center\"><div class=\"w-image-h\"><img decoding=\"async\" width=\"533\" height=\"400\" src=\"https:\/\/www.oceanautic.es\/wp-content\/uploads\/2020\/04\/ampliacion-eslora.jpg\" class=\"attachment-us_600_400_crop size-us_600_400_crop\" alt=\"Ampliaci\u00f3n 24 metros eslora y navegaci\u00f3n entre pen\u00ednsula y Baleares\" loading=\"lazy\" srcset=\"https:\/\/www.oceanautic.es\/wp-content\/uploads\/2020\/04\/ampliacion-eslora.jpg 600w, https:\/\/www.oceanautic.es\/wp-content\/uploads\/2020\/04\/ampliacion-eslora-300x225.jpg 300w\" sizes=\"auto, (max-width: 533px) 100vw, 533px\" \/><\/div><\/div><\/div><\/div><\/div><\/div><\/div><\/div><\/div><\/div><\/div><\/section>\n","protected":false},"excerpt":{"rendered":"[vc_custom_heading text=\"Recreational Boating Practical Training\" font_container=\"tag:h1|text_align:left\" use_theme_fonts=\"yes\" css=\"%7B%22default%22%3A%7B%22color%22%3A%22%23ffffff%22%7D%7D\"][vc_custom_heading text=\"Complete your Recreational Boating Practical Training with Oceanautic\" font_container=\"tag:h2|text_align:center\" use_theme_fonts=\"yes\" css=\"%7B%22default%22%3A%7B%22margin-bottom%22%3A%222rem%22%7D%7D\"][vc_custom_heading text=\"PNB Practical Training\" font_container=\"tag:h2|text_align:center\" use_theme_fonts=\"yes\" css=\"%7B%22default%22%3A%7B%22margin-bottom%22%3A%222rem%22%7D%7D\" link=\"url:https%3A%2F%2Fwww.oceanautic.es%2Fproducto%2Fpnb%2F|\"]PNB \/ Safety and Navigation The mandatory PNB Safety and Navigation practical training lasts 8 hours. It is completed in two 4-hour sessions, usually over a weekend. We recommend doing...","protected":false},"author":1,"featured_media":0,"parent":0,"menu_order":0,"comment_status":"closed","ping_status":"closed","template":"","meta":{"footnotes":""},"class_list":["post-33665","page","type-page","status-publish","hentry"],"yoast_head":"<!-- This site is optimized with the Yoast SEO plugin v27.5 - https:\/\/yoast.com\/product\/yoast-seo-wordpress\/ -->\n<title>Recreational Boating Practical Training on the Costa del Sol with Oceanautic\u00ae\ufe0f<\/title>\n<meta name=\"description\" content=\"Complete your nautical practical training with Oceanautic\u2705SAILING endorsement\u2705Radio practical training\u2705Yacht Skipper and Yacht Captain practical training...\u2705Visit us and find out more!\" \/>\n<meta name=\"robots\" content=\"index, follow, max-snippet:-1, max-image-preview:large, max-video-preview:-1\" \/>\n<link rel=\"canonical\" href=\"https:\/\/www.oceanautic.es\/en\/recreational-boating-practical-training\/\" \/>\n<meta property=\"og:locale\" content=\"en_US\" \/>\n<meta property=\"og:type\" content=\"article\" \/>\n<meta property=\"og:title\" content=\"Recreational Boating Practical Training on the Costa del Sol with Oceanautic\u00ae\ufe0f\" \/>\n<meta property=\"og:description\" content=\"Complete your nautical practical training with Oceanautic\u2705SAILING endorsement\u2705Radio practical training\u2705Yacht Skipper and Yacht Captain practical training...\u2705Visit us and find out more!\" \/>\n<meta property=\"og:url\" content=\"https:\/\/www.oceanautic.es\/en\/recreational-boating-practical-training\/\" \/>\n<meta property=\"og:site_name\" content=\"OceaNautic\" \/>\n<meta property=\"article:publisher\" content=\"https:\/\/www.facebook.com\/oceanautic.club\" \/>\n<meta property=\"article:modified_time\" content=\"2026-04-28T06:29:41+00:00\" \/>\n<meta name=\"twitter:card\" content=\"summary_large_image\" \/>\n<meta name=\"twitter:site\" content=\"@oceanautic\" \/>\n<meta name=\"twitter:label1\" content=\"Est. reading time\" \/>\n\t<meta name=\"twitter:data1\" content=\"7 minutes\" \/>\n<script type=\"application\/ld+json\" class=\"yoast-schema-graph\">{\"@context\":\"https:\\\/\\\/schema.org\",\"@graph\":[{\"@type\":\"WebPage\",\"@id\":\"https:\\\/\\\/www.oceanautic.es\\\/en\\\/recreational-boating-practical-training\\\/\",\"url\":\"https:\\\/\\\/www.oceanautic.es\\\/en\\\/recreational-boating-practical-training\\\/\",\"name\":\"Recreational Boating Practical Training on the Costa del Sol with Oceanautic\u00ae\ufe0f\",\"isPartOf\":{\"@id\":\"https:\\\/\\\/www.oceanautic.es\\\/#website\"},\"datePublished\":\"2020-04-16T13:43:41+00:00\",\"dateModified\":\"2026-04-28T06:29:41+00:00\",\"description\":\"Complete your nautical practical training with Oceanautic\u2705SAILING endorsement\u2705Radio practical training\u2705Yacht Skipper and Yacht Captain practical training...\u2705Visit us and find out more!\",\"breadcrumb\":{\"@id\":\"https:\\\/\\\/www.oceanautic.es\\\/en\\\/recreational-boating-practical-training\\\/#breadcrumb\"},\"inLanguage\":\"en-US\",\"potentialAction\":[{\"@type\":\"ReadAction\",\"target\":[\"https:\\\/\\\/www.oceanautic.es\\\/en\\\/recreational-boating-practical-training\\\/\"]}]},{\"@type\":\"BreadcrumbList\",\"@id\":\"https:\\\/\\\/www.oceanautic.es\\\/en\\\/recreational-boating-practical-training\\\/#breadcrumb\",\"itemListElement\":[{\"@type\":\"ListItem\",\"position\":1,\"name\":\"Portada\",\"item\":\"https:\\\/\\\/www.oceanautic.es\\\/en\\\/home\\\/\"},{\"@type\":\"ListItem\",\"position\":2,\"name\":\"Recreational Boating Practical Training\"}]},{\"@type\":\"WebSite\",\"@id\":\"https:\\\/\\\/www.oceanautic.es\\\/#website\",\"url\":\"https:\\\/\\\/www.oceanautic.es\\\/\",\"name\":\"OceaNautic\",\"description\":\"\",\"publisher\":{\"@id\":\"https:\\\/\\\/www.oceanautic.es\\\/#organization\"},\"potentialAction\":[{\"@type\":\"SearchAction\",\"target\":{\"@type\":\"EntryPoint\",\"urlTemplate\":\"https:\\\/\\\/www.oceanautic.es\\\/?s={search_term_string}\"},\"query-input\":{\"@type\":\"PropertyValueSpecification\",\"valueRequired\":true,\"valueName\":\"search_term_string\"}}],\"inLanguage\":\"en-US\"},{\"@type\":\"Organization\",\"@id\":\"https:\\\/\\\/www.oceanautic.es\\\/#organization\",\"name\":\"OceaNautic\",\"url\":\"https:\\\/\\\/www.oceanautic.es\\\/\",\"logo\":{\"@type\":\"ImageObject\",\"inLanguage\":\"en-US\",\"@id\":\"https:\\\/\\\/www.oceanautic.es\\\/#\\\/schema\\\/logo\\\/image\\\/\",\"url\":\"https:\\\/\\\/www.oceanautic.es\\\/wp-content\\\/uploads\\\/2020\\\/03\\\/logo-footer.jpg\",\"contentUrl\":\"https:\\\/\\\/www.oceanautic.es\\\/wp-content\\\/uploads\\\/2020\\\/03\\\/logo-footer.jpg\",\"width\":162,\"height\":113,\"caption\":\"OceaNautic\"},\"image\":{\"@id\":\"https:\\\/\\\/www.oceanautic.es\\\/#\\\/schema\\\/logo\\\/image\\\/\"},\"sameAs\":[\"https:\\\/\\\/www.facebook.com\\\/oceanautic.club\",\"https:\\\/\\\/x.com\\\/oceanautic\",\"https:\\\/\\\/www.instagram.com\\\/oceanautic\\\/\"]}]}<\/script>\n<!-- \/ Yoast SEO plugin. -->","yoast_head_json":{"title":"Recreational Boating Practical Training on the Costa del Sol with Oceanautic\u00ae\ufe0f","description":"Complete your nautical practical training with Oceanautic\u2705SAILING endorsement\u2705Radio practical training\u2705Yacht Skipper and Yacht Captain practical training...\u2705Visit us and find out more!","robots":{"index":"index","follow":"follow","max-snippet":"max-snippet:-1","max-image-preview":"max-image-preview:large","max-video-preview":"max-video-preview:-1"},"canonical":"https:\/\/www.oceanautic.es\/en\/recreational-boating-practical-training\/","og_locale":"en_US","og_type":"article","og_title":"Recreational Boating Practical Training on the Costa del Sol with Oceanautic\u00ae\ufe0f","og_description":"Complete your nautical practical training with Oceanautic\u2705SAILING endorsement\u2705Radio practical training\u2705Yacht Skipper and Yacht Captain practical training...\u2705Visit us and find out more!","og_url":"https:\/\/www.oceanautic.es\/en\/recreational-boating-practical-training\/","og_site_name":"OceaNautic","article_publisher":"https:\/\/www.facebook.com\/oceanautic.club","article_modified_time":"2026-04-28T06:29:41+00:00","twitter_card":"summary_large_image","twitter_site":"@oceanautic","twitter_misc":{"Est. reading time":"7 minutes"},"schema":{"@context":"https:\/\/schema.org","@graph":[{"@type":"WebPage","@id":"https:\/\/www.oceanautic.es\/en\/recreational-boating-practical-training\/","url":"https:\/\/www.oceanautic.es\/en\/recreational-boating-practical-training\/","name":"Recreational Boating Practical Training on the Costa del Sol with Oceanautic\u00ae\ufe0f","isPartOf":{"@id":"https:\/\/www.oceanautic.es\/#website"},"datePublished":"2020-04-16T13:43:41+00:00","dateModified":"2026-04-28T06:29:41+00:00","description":"Complete your nautical practical training with Oceanautic\u2705SAILING endorsement\u2705Radio practical training\u2705Yacht Skipper and Yacht Captain practical training...\u2705Visit us and find out more!","breadcrumb":{"@id":"https:\/\/www.oceanautic.es\/en\/recreational-boating-practical-training\/#breadcrumb"},"inLanguage":"en-US","potentialAction":[{"@type":"ReadAction","target":["https:\/\/www.oceanautic.es\/en\/recreational-boating-practical-training\/"]}]},{"@type":"BreadcrumbList","@id":"https:\/\/www.oceanautic.es\/en\/recreational-boating-practical-training\/#breadcrumb","itemListElement":[{"@type":"ListItem","position":1,"name":"Portada","item":"https:\/\/www.oceanautic.es\/en\/home\/"},{"@type":"ListItem","position":2,"name":"Recreational Boating Practical Training"}]},{"@type":"WebSite","@id":"https:\/\/www.oceanautic.es\/#website","url":"https:\/\/www.oceanautic.es\/","name":"OceaNautic","description":"","publisher":{"@id":"https:\/\/www.oceanautic.es\/#organization"},"potentialAction":[{"@type":"SearchAction","target":{"@type":"EntryPoint","urlTemplate":"https:\/\/www.oceanautic.es\/?s={search_term_string}"},"query-input":{"@type":"PropertyValueSpecification","valueRequired":true,"valueName":"search_term_string"}}],"inLanguage":"en-US"},{"@type":"Organization","@id":"https:\/\/www.oceanautic.es\/#organization","name":"OceaNautic","url":"https:\/\/www.oceanautic.es\/","logo":{"@type":"ImageObject","inLanguage":"en-US","@id":"https:\/\/www.oceanautic.es\/#\/schema\/logo\/image\/","url":"https:\/\/www.oceanautic.es\/wp-content\/uploads\/2020\/03\/logo-footer.jpg","contentUrl":"https:\/\/www.oceanautic.es\/wp-content\/uploads\/2020\/03\/logo-footer.jpg","width":162,"height":113,"caption":"OceaNautic"},"image":{"@id":"https:\/\/www.oceanautic.es\/#\/schema\/logo\/image\/"},"sameAs":["https:\/\/www.facebook.com\/oceanautic.club","https:\/\/x.com\/oceanautic","https:\/\/www.instagram.com\/oceanautic\/"]}]}},"_links":{"self":[{"href":"https:\/\/www.oceanautic.es\/en\/wp-json\/wp\/v2\/pages\/33665","targetHints":{"allow":["GET"]}}],"collection":[{"href":"https:\/\/www.oceanautic.es\/en\/wp-json\/wp\/v2\/pages"}],"about":[{"href":"https:\/\/www.oceanautic.es\/en\/wp-json\/wp\/v2\/types\/page"}],"author":[{"embeddable":true,"href":"https:\/\/www.oceanautic.es\/en\/wp-json\/wp\/v2\/users\/1"}],"replies":[{"embeddable":true,"href":"https:\/\/www.oceanautic.es\/en\/wp-json\/wp\/v2\/comments?post=33665"}],"version-history":[{"count":1,"href":"https:\/\/www.oceanautic.es\/en\/wp-json\/wp\/v2\/pages\/33665\/revisions"}],"predecessor-version":[{"id":33673,"href":"https:\/\/www.oceanautic.es\/en\/wp-json\/wp\/v2\/pages\/33665\/revisions\/33673"}],"wp:attachment":[{"href":"https:\/\/www.oceanautic.es\/en\/wp-json\/wp\/v2\/media?parent=33665"}],"curies":[{"name":"wp","href":"https:\/\/api.w.org\/{rel}","templated":true}]}}